{"id":2506,"date":"2025-08-10T16:36:33","date_gmt":"2025-08-10T23:36:33","guid":{"rendered":"https:\/\/sinaloadossier.com.mx\/oficial\/?page_id=2506"},"modified":"2025-08-10T16:37:35","modified_gmt":"2025-08-10T23:37:35","slug":"fuerzas-basicas","status":"publish","type":"page","link":"https:\/\/sinaloadossier.com.mx\/oficial\/fuerzas-basicas\/","title":{"rendered":"FUERZAS B\u00c1SICAS"},"content":{"rendered":"\t\t<div data-elementor-type=\"wp-page\" data-elementor-id=\"2506\" class=\"elementor elementor-2506\">\n\t\t\t\t<div class=\"elementor-element elementor-element-eade0f8 e-flex e-con-boxed e-con e-parent\" data-id=\"eade0f8\" data-element_type=\"container\" data-e-type=\"container\">\n\t\t\t\t\t<div class=\"e-con-inner\">\n\t\t\t\t<div class=\"elementor-element elementor-element-ee2f316 eael-dual-header-content-align-center elementor-widget elementor-widget-eael-dual-color-header\" data-id=\"ee2f316\" data-element_type=\"widget\" data-e-type=\"widget\" data-widget_type=\"eael-dual-color-header.default\">\n\t\t\t\t<div class=\"elementor-widget-container\">\n\t\t\t\t\t\t\t\t<div class=\"eael-dual-header\">\n\t\t\t\t<h2 class=\"title eael-dch-title\"><span class=\"eael-dch-title-text eael-dch-title-lead lead solid-color\">FUERZAS<\/span> <span class=\"eael-dch-title-text\">B\u00c1SICAS<\/span><\/h2>\t\t\t\t\t<span class=\"subtext\"><p>sinaloadossier.com.mx<\/p><\/span>\n\t\t\t\t\t\t\t<\/div>\n\n\t\t\t\t\t\t<\/div>\n\t\t\t\t<\/div>\n\t\t\t\t<div class=\"elementor-element elementor-element-8ac729a elementor-grid-eael-col-4 elementor-grid-tablet-eael-col-2 elementor-grid-mobile-eael-col-1 elementor-widget elementor-widget-eael-post-grid\" data-id=\"8ac729a\" data-element_type=\"widget\" data-e-type=\"widget\" data-settings=\"{&quot;eael_post_grid_columns&quot;:&quot;eael-col-4&quot;,&quot;eael_post_grid_columns_tablet&quot;:&quot;eael-col-2&quot;,&quot;eael_post_grid_columns_mobile&quot;:&quot;eael-col-1&quot;}\" data-widget_type=\"eael-post-grid.default\">\n\t\t\t\t<div class=\"elementor-widget-container\">\n\t\t\t\t\t<div id=\"eael-post-grid-8ac729a\" class=\"eael-post-grid-container\">\n            <div class=\"eael-post-grid eael-post-appender eael-post-appender-8ac729a eael-post-grid-style-default\" data-layout-mode=\"grid\"><article class=\"eael-grid-post eael-post-grid-column eael-pg-post-1770 category-fuerzas-basicas\" data-id=\"1770\">\n        <div class=\"eael-grid-post-holder\">\n            <div class=\"eael-grid-post-holder-inner\"><div class=\"eael-entry-wrapper\"><header class=\"eael-entry-header\"><h2 class=\"eael-entry-title\"><a\n                        class=\"eael-grid-post-link\"\n                        href=\"https:\/\/sinaloadossier.com.mx\/oficial\/2024\/10\/06\/con-poker-de-goles-de-diego-rivera-portugal-dorados-goleo-5-1-a-guaymas-fc-de-visita\/\"\n                        title=\"P\u00f3ker de goles de Diego Rivera , Dorados gole\u00f3 5-1 a Guaymas FC\">P\u00f3ker de goles de Diego Rivera , Dorados gole\u00f3 5-1 a Guaymas FC<\/a><\/h2><\/header><div class=\"eael-entry-content\">\n                        <div class=\"eael-grid-post-excerpt\"><p>TESIST\u00c1N, Jal., 5 de octubre de 2024.- Con un p\u00f3ker de goles de Diego Rivera Portugal y otro de Diego Uriarte Rivera, los Dorados de Sinaloa golearon 5-1 a Guaymas FC, al iniciar su participaci\u00f3n en el Torneo 2024-2025 de...<\/p><a href=\"https:\/\/sinaloadossier.com.mx\/oficial\/2024\/10\/06\/con-poker-de-goles-de-diego-rivera-portugal-dorados-goleo-5-1-a-guaymas-fc-de-visita\/\" class=\"eael-post-elements-readmore-btn\">Leer m\u00e1s<\/a><\/div>\n                    <\/div><\/div><div class=\"eael-entry-media\"><div class=\"eael-entry-overlay fade-in\"><i class=\"fas fa-long-arrow-alt-right\" aria-hidden=\"true\"><\/i><a href=\"https:\/\/sinaloadossier.com.mx\/oficial\/2024\/10\/06\/con-poker-de-goles-de-diego-rivera-portugal-dorados-goleo-5-1-a-guaymas-fc-de-visita\/\"><\/a><\/div><div class=\"eael-entry-thumbnail \">\n                <img decoding=\"async\" width=\"300\" height=\"125\" src=\"https:\/\/sinaloadossier.com.mx\/oficial\/wp-content\/uploads\/2024\/10\/Doraditos_24-25-300x125.jpeg\" class=\"attachment-medium size-medium wp-image-1769\" alt=\"Doraditos 24 25\" srcset=\"https:\/\/sinaloadossier.com.mx\/oficial\/wp-content\/uploads\/2024\/10\/Doraditos_24-25-300x125.jpeg 300w, https:\/\/sinaloadossier.com.mx\/oficial\/wp-content\/uploads\/2024\/10\/Doraditos_24-25-768x320.jpeg 768w, https:\/\/sinaloadossier.com.mx\/oficial\/wp-content\/uploads\/2024\/10\/Doraditos_24-25.jpeg 960w\" sizes=\"(max-width: 300px) 100vw, 300px\" \/>\n            <\/div>\n        <\/div><\/div>\n        <\/div>\n    <\/article><article class=\"eael-grid-post eael-post-grid-column eael-pg-post-1576 category-fuerzas-basicas\" data-id=\"1576\">\n        <div class=\"eael-grid-post-holder\">\n            <div class=\"eael-grid-post-holder-inner\"><div class=\"eael-entry-wrapper\"><header class=\"eael-entry-header\"><h2 class=\"eael-entry-title\"><a\n                        class=\"eael-grid-post-link\"\n                        href=\"https:\/\/sinaloadossier.com.mx\/oficial\/2024\/04\/28\/dorados-termino-dignamente-el-torneo-2023-2024-de-tercera-division\/\"\n                        title=\"Dorados termin\u00f3 dignamente el Torneo 2023-2024 de Tercera Divisi\u00f3n.\">Dorados termin\u00f3 dignamente el Torneo 2023-2024 de Tercera Divisi\u00f3n.<\/a><\/h2><\/header><div class=\"eael-entry-content\">\n                        <div class=\"eael-grid-post-excerpt\"><p>QUER\u00c9TARO, Qro., 27 de abril de 2024.- Con un triunfo de 2-1 de visita sobre los Mineros de Quer\u00e9taro, los Dorados de Sinaloa concluyeron dignamente el Torneo de Clausura 2023-2024 de la Tercera Divisi\u00f3n profesional. El juego correspondi\u00f3 a los...<\/p><a href=\"https:\/\/sinaloadossier.com.mx\/oficial\/2024\/04\/28\/dorados-termino-dignamente-el-torneo-2023-2024-de-tercera-division\/\" class=\"eael-post-elements-readmore-btn\">Leer m\u00e1s<\/a><\/div>\n                    <\/div><\/div><div class=\"eael-entry-media\"><div class=\"eael-entry-overlay fade-in\"><i class=\"fas fa-long-arrow-alt-right\" aria-hidden=\"true\"><\/i><a href=\"https:\/\/sinaloadossier.com.mx\/oficial\/2024\/04\/28\/dorados-termino-dignamente-el-torneo-2023-2024-de-tercera-division\/\"><\/a><\/div><div class=\"eael-entry-thumbnail \">\n                <img fetchpriority=\"high\" decoding=\"async\" width=\"300\" height=\"200\" src=\"https:\/\/sinaloadossier.com.mx\/oficial\/wp-content\/uploads\/2024\/04\/Dor_completo_ante_QroJPG-300x200.jpg\" class=\"attachment-medium size-medium wp-image-1575\" alt=\"Dor completo ante QroJPG\" srcset=\"https:\/\/sinaloadossier.com.mx\/oficial\/wp-content\/uploads\/2024\/04\/Dor_completo_ante_QroJPG-300x200.jpg 300w, https:\/\/sinaloadossier.com.mx\/oficial\/wp-content\/uploads\/2024\/04\/Dor_completo_ante_QroJPG.JPG 640w\" sizes=\"(max-width: 300px) 100vw, 300px\" \/>\n            <\/div>\n        <\/div><\/div>\n        <\/div>\n    <\/article><article class=\"eael-grid-post eael-post-grid-column eael-pg-post-1568 category-fuerzas-basicas\" data-id=\"1568\">\n        <div class=\"eael-grid-post-holder\">\n            <div class=\"eael-grid-post-holder-inner\"><div class=\"eael-entry-wrapper\"><header class=\"eael-entry-header\"><h2 class=\"eael-entry-title\"><a\n                        class=\"eael-grid-post-link\"\n                        href=\"https:\/\/sinaloadossier.com.mx\/oficial\/2024\/04\/25\/dorados-se-ahogo-en-su-pecera-ante-mineros-de-queretaro\/\"\n                        title=\"Dorados de Sinaloa se ahog\u00f3 en su Pecera ante Mineros de Quer\u00e9taro\">Dorados de Sinaloa se ahog\u00f3 en su Pecera ante Mineros de Quer\u00e9taro<\/a><\/h2><\/header><div class=\"eael-entry-content\">\n                        <div class=\"eael-grid-post-excerpt\"><p>CULIAC\u00c1N, Sin., 24 de abril de 2024.- Los Mineros de Quer\u00e9taro ahogaron a los Dorados de Sinaloa en su propia pecera del Humaya en el juego de ida de los octavos de final de la Liga de Tercera Divisi\u00f3n para...<\/p><a href=\"https:\/\/sinaloadossier.com.mx\/oficial\/2024\/04\/25\/dorados-se-ahogo-en-su-pecera-ante-mineros-de-queretaro\/\" class=\"eael-post-elements-readmore-btn\">Leer m\u00e1s<\/a><\/div>\n                    <\/div><\/div><div class=\"eael-entry-media\"><div class=\"eael-entry-overlay fade-in\"><i class=\"fas fa-long-arrow-alt-right\" aria-hidden=\"true\"><\/i><a href=\"https:\/\/sinaloadossier.com.mx\/oficial\/2024\/04\/25\/dorados-se-ahogo-en-su-pecera-ante-mineros-de-queretaro\/\"><\/a><\/div><div class=\"eael-entry-thumbnail \">\n                <img decoding=\"async\" width=\"300\" height=\"185\" src=\"https:\/\/sinaloadossier.com.mx\/oficial\/wp-content\/uploads\/2024\/04\/BUENA_CONDUCE_BALON-300x185.jpg\" class=\"attachment-medium size-medium wp-image-1567\" alt=\"BUENA CONDUCE BALON\" srcset=\"https:\/\/sinaloadossier.com.mx\/oficial\/wp-content\/uploads\/2024\/04\/BUENA_CONDUCE_BALON-300x185.jpg 300w, https:\/\/sinaloadossier.com.mx\/oficial\/wp-content\/uploads\/2024\/04\/BUENA_CONDUCE_BALON-1024x632.jpg 1024w, https:\/\/sinaloadossier.com.mx\/oficial\/wp-content\/uploads\/2024\/04\/BUENA_CONDUCE_BALON-768x474.jpg 768w, https:\/\/sinaloadossier.com.mx\/oficial\/wp-content\/uploads\/2024\/04\/BUENA_CONDUCE_BALON-1536x948.jpg 1536w, https:\/\/sinaloadossier.com.mx\/oficial\/wp-content\/uploads\/2024\/04\/BUENA_CONDUCE_BALON-2048x1264.jpg 2048w\" sizes=\"(max-width: 300px) 100vw, 300px\" \/>\n            <\/div>\n        <\/div><\/div>\n        <\/div>\n    <\/article><article class=\"eael-grid-post eael-post-grid-column eael-pg-post-1562 category-fuerzas-basicas\" data-id=\"1562\">\n        <div class=\"eael-grid-post-holder\">\n            <div class=\"eael-grid-post-holder-inner\"><div class=\"eael-entry-wrapper\"><header class=\"eael-entry-header\"><h2 class=\"eael-entry-title\"><a\n                        class=\"eael-grid-post-link\"\n                        href=\"https:\/\/sinaloadossier.com.mx\/oficial\/2024\/04\/21\/dorados-de-sinaloa-vs-mineros-de-queretaro-en-octavos-de-final\/\"\n                        title=\"Dorados de Sinaloa vs. Mineros de Quer\u00e9taro en octavos de final.\">Dorados de Sinaloa vs. Mineros de Quer\u00e9taro en octavos de final.<\/a><\/h2><\/header><div class=\"eael-entry-content\">\n                        <div class=\"eael-grid-post-excerpt\"><p>CULIAC\u00c1N, Sin., 20 de abril de 2024.- Un juego que habian controlado en el primer tiempo con una ventaja de 3-0, se lo complicaron al final los Dorados de Sinaloa, pero sacaron el triunfo angustioso 3-2 ante los Halcones de...<\/p><a href=\"https:\/\/sinaloadossier.com.mx\/oficial\/2024\/04\/21\/dorados-de-sinaloa-vs-mineros-de-queretaro-en-octavos-de-final\/\" class=\"eael-post-elements-readmore-btn\">Leer m\u00e1s<\/a><\/div>\n                    <\/div><\/div><div class=\"eael-entry-media\"><div class=\"eael-entry-overlay fade-in\"><i class=\"fas fa-long-arrow-alt-right\" aria-hidden=\"true\"><\/i><a href=\"https:\/\/sinaloadossier.com.mx\/oficial\/2024\/04\/21\/dorados-de-sinaloa-vs-mineros-de-queretaro-en-octavos-de-final\/\"><\/a><\/div><div class=\"eael-entry-thumbnail \">\n                <img loading=\"lazy\" decoding=\"async\" width=\"300\" height=\"215\" src=\"https:\/\/sinaloadossier.com.mx\/oficial\/wp-content\/uploads\/2024\/04\/BUENISIMA_LOS_DOS_GOLEADORES-300x215.jpg\" class=\"attachment-medium size-medium wp-image-1561\" alt=\"BUENISIMA LOS DOS GOLEADORES\" srcset=\"https:\/\/sinaloadossier.com.mx\/oficial\/wp-content\/uploads\/2024\/04\/BUENISIMA_LOS_DOS_GOLEADORES-300x215.jpg 300w, https:\/\/sinaloadossier.com.mx\/oficial\/wp-content\/uploads\/2024\/04\/BUENISIMA_LOS_DOS_GOLEADORES-1024x735.jpg 1024w, https:\/\/sinaloadossier.com.mx\/oficial\/wp-content\/uploads\/2024\/04\/BUENISIMA_LOS_DOS_GOLEADORES-768x551.jpg 768w, https:\/\/sinaloadossier.com.mx\/oficial\/wp-content\/uploads\/2024\/04\/BUENISIMA_LOS_DOS_GOLEADORES.JPG 1436w\" sizes=\"(max-width: 300px) 100vw, 300px\" \/>\n            <\/div>\n        <\/div><\/div>\n        <\/div>\n    <\/article><article class=\"eael-grid-post eael-post-grid-column eael-pg-post-1556 category-fuerzas-basicas\" data-id=\"1556\">\n        <div class=\"eael-grid-post-holder\">\n            <div class=\"eael-grid-post-holder-inner\"><div class=\"eael-entry-wrapper\"><header class=\"eael-entry-header\"><h2 class=\"eael-entry-title\"><a\n                        class=\"eael-grid-post-link\"\n                        href=\"https:\/\/sinaloadossier.com.mx\/oficial\/2024\/04\/14\/feria-de-goles-y-errores-dorados-gana-4-3-a-legado-centenario\/\"\n                        title=\"Feria de goles y errores Dorados gana 4-3 a Legado-Centenario\">Feria de goles y errores Dorados gana 4-3 a Legado-Centenario<\/a><\/h2><\/header><div class=\"eael-entry-content\">\n                        <div class=\"eael-grid-post-excerpt\"><p>CULIAC\u00c1N, Sin., 13 de abril de 2024.- &nbsp;&nbsp;En feria de goles y muchas fallas defensivas, los Dorados de Sinaloa ganaron, apuradamente, 4-3 a Legado Centenario, de Guadalajara, en la pen\u00faltima jornada del Grupo 15 del Torneo regular de la Tercera...<\/p><a href=\"https:\/\/sinaloadossier.com.mx\/oficial\/2024\/04\/14\/feria-de-goles-y-errores-dorados-gana-4-3-a-legado-centenario\/\" class=\"eael-post-elements-readmore-btn\">Leer m\u00e1s<\/a><\/div>\n                    <\/div><\/div><div class=\"eael-entry-media\"><div class=\"eael-entry-overlay fade-in\"><i class=\"fas fa-long-arrow-alt-right\" aria-hidden=\"true\"><\/i><a href=\"https:\/\/sinaloadossier.com.mx\/oficial\/2024\/04\/14\/feria-de-goles-y-errores-dorados-gana-4-3-a-legado-centenario\/\"><\/a><\/div><div class=\"eael-entry-thumbnail \">\n                <img loading=\"lazy\" decoding=\"async\" width=\"162\" height=\"300\" src=\"https:\/\/sinaloadossier.com.mx\/oficial\/wp-content\/uploads\/2024\/04\/Gol_Diego_Roivera-162x300.jpg\" class=\"attachment-medium size-medium wp-image-1555\" alt=\"Gol Diego Roivera\" srcset=\"https:\/\/sinaloadossier.com.mx\/oficial\/wp-content\/uploads\/2024\/04\/Gol_Diego_Roivera-162x300.jpg 162w, https:\/\/sinaloadossier.com.mx\/oficial\/wp-content\/uploads\/2024\/04\/Gol_Diego_Roivera.jpg 345w\" sizes=\"(max-width: 162px) 100vw, 162px\" \/>\n            <\/div>\n        <\/div><\/div>\n        <\/div>\n    <\/article><article class=\"eael-grid-post eael-post-grid-column eael-pg-post-1546 category-fuerzas-basicas\" data-id=\"1546\">\n        <div class=\"eael-grid-post-holder\">\n            <div class=\"eael-grid-post-holder-inner\"><div class=\"eael-entry-wrapper\"><header class=\"eael-entry-header\"><h2 class=\"eael-entry-title\"><a\n                        class=\"eael-grid-post-link\"\n                        href=\"https:\/\/sinaloadossier.com.mx\/oficial\/2024\/04\/08\/con-goleada-de-5-2-dorados-aseguro-la-liguilla-por-el-titulo-en-3a-division\/\"\n                        title=\"Con goleada 5-2, Dorados asegur\u00f3 la liguilla por el t\u00edtulo de 3A.Div.\">Con goleada 5-2, Dorados asegur\u00f3 la liguilla por el t\u00edtulo de 3A.Div.<\/a><\/h2><\/header><div class=\"eael-entry-content\">\n                        <div class=\"eael-grid-post-excerpt\"><p>CULIAC\u00c1N, Sin., 06 de abril de 2024.- Con una goleada de 5-2, los Dorados de Sinaloa vencieron al Atl\u00e9tico Acaponeta, y con ello aseguraron su participaci\u00f3n en la liguilla por el t\u00edtulo de la Tercera Divisi\u00f3n para los equipos filiales,...<\/p><a href=\"https:\/\/sinaloadossier.com.mx\/oficial\/2024\/04\/08\/con-goleada-de-5-2-dorados-aseguro-la-liguilla-por-el-titulo-en-3a-division\/\" class=\"eael-post-elements-readmore-btn\">Leer m\u00e1s<\/a><\/div>\n                    <\/div><\/div><div class=\"eael-entry-media\"><div class=\"eael-entry-overlay fade-in\"><i class=\"fas fa-long-arrow-alt-right\" aria-hidden=\"true\"><\/i><a href=\"https:\/\/sinaloadossier.com.mx\/oficial\/2024\/04\/08\/con-goleada-de-5-2-dorados-aseguro-la-liguilla-por-el-titulo-en-3a-division\/\"><\/a><\/div><div class=\"eael-entry-thumbnail \">\n                <img loading=\"lazy\" decoding=\"async\" width=\"300\" height=\"182\" src=\"https:\/\/sinaloadossier.com.mx\/oficial\/wp-content\/uploads\/2024\/04\/BUENA_JOVANY_ALEXANDER-300x182.jpg\" class=\"attachment-medium size-medium wp-image-1545\" alt=\"BUENA JOVANY ALEXANDER\" srcset=\"https:\/\/sinaloadossier.com.mx\/oficial\/wp-content\/uploads\/2024\/04\/BUENA_JOVANY_ALEXANDER-300x182.jpg 300w, https:\/\/sinaloadossier.com.mx\/oficial\/wp-content\/uploads\/2024\/04\/BUENA_JOVANY_ALEXANDER-768x466.jpg 768w, https:\/\/sinaloadossier.com.mx\/oficial\/wp-content\/uploads\/2024\/04\/BUENA_JOVANY_ALEXANDER.JPG 956w\" sizes=\"(max-width: 300px) 100vw, 300px\" \/>\n            <\/div>\n        <\/div><\/div>\n        <\/div>\n    <\/article><article class=\"eael-grid-post eael-post-grid-column eael-pg-post-1540 category-fuerzas-basicas\" data-id=\"1540\">\n        <div class=\"eael-grid-post-holder\">\n            <div class=\"eael-grid-post-holder-inner\"><div class=\"eael-entry-wrapper\"><header class=\"eael-entry-header\"><h2 class=\"eael-entry-title\"><a\n                        class=\"eael-grid-post-link\"\n                        href=\"https:\/\/sinaloadossier.com.mx\/oficial\/2024\/03\/31\/poker-de-goles-de-diego-uriarte-dorador-goleo-5-0-a-vallarta\/\"\n                        title=\"P\u00f3ker de goles de Diego Uriarte. Dorador gole\u00f3 5-0 a Puerto Vallarta\">P\u00f3ker de goles de Diego Uriarte. Dorador gole\u00f3 5-0 a Puerto Vallarta<\/a><\/h2><\/header><div class=\"eael-entry-content\">\n                        <div class=\"eael-grid-post-excerpt\"><p>CULIAC\u00c1N, Sin., 30 de marzo de 2024.- Diego Uriarte Rivera (#180), marc\u00f3 un p\u00f3ker de goles en la goleada que Dorados de Sinaloa le propin\u00f3 a Puerto Vallarta por 5-0. El complemento lo realiz\u00f3 el otro Diego, Rivera Portugal (#173),...<\/p><a href=\"https:\/\/sinaloadossier.com.mx\/oficial\/2024\/03\/31\/poker-de-goles-de-diego-uriarte-dorador-goleo-5-0-a-vallarta\/\" class=\"eael-post-elements-readmore-btn\">Leer m\u00e1s<\/a><\/div>\n                    <\/div><\/div><div class=\"eael-entry-media\"><div class=\"eael-entry-overlay fade-in\"><i class=\"fas fa-long-arrow-alt-right\" aria-hidden=\"true\"><\/i><a href=\"https:\/\/sinaloadossier.com.mx\/oficial\/2024\/03\/31\/poker-de-goles-de-diego-uriarte-dorador-goleo-5-0-a-vallarta\/\"><\/a><\/div><div class=\"eael-entry-thumbnail \">\n                <img loading=\"lazy\" decoding=\"async\" width=\"300\" height=\"189\" src=\"https:\/\/sinaloadossier.com.mx\/oficial\/wp-content\/uploads\/2024\/03\/BUENISIMA_URIARTE_ANTE_VALLARTA-300x189.jpg\" class=\"attachment-medium size-medium wp-image-1539\" alt=\"BUENISIMA URIARTE ANTE VALLARTA\" srcset=\"https:\/\/sinaloadossier.com.mx\/oficial\/wp-content\/uploads\/2024\/03\/BUENISIMA_URIARTE_ANTE_VALLARTA-300x189.jpg 300w, https:\/\/sinaloadossier.com.mx\/oficial\/wp-content\/uploads\/2024\/03\/BUENISIMA_URIARTE_ANTE_VALLARTA-1024x647.jpg 1024w, https:\/\/sinaloadossier.com.mx\/oficial\/wp-content\/uploads\/2024\/03\/BUENISIMA_URIARTE_ANTE_VALLARTA-768x485.jpg 768w, https:\/\/sinaloadossier.com.mx\/oficial\/wp-content\/uploads\/2024\/03\/BUENISIMA_URIARTE_ANTE_VALLARTA.JPG 1335w\" sizes=\"(max-width: 300px) 100vw, 300px\" \/>\n            <\/div>\n        <\/div><\/div>\n        <\/div>\n    <\/article><article class=\"eael-grid-post eael-post-grid-column eael-pg-post-1532 category-fuerzas-basicas\" data-id=\"1532\">\n        <div class=\"eael-grid-post-holder\">\n            <div class=\"eael-grid-post-holder-inner\"><div class=\"eael-entry-wrapper\"><header class=\"eael-entry-header\"><h2 class=\"eael-entry-title\"><a\n                        class=\"eael-grid-post-link\"\n                        href=\"https:\/\/sinaloadossier.com.mx\/oficial\/2024\/03\/24\/diego-uriarte-marco-doblete-en-triundo-de-dorados-3-1-a-moncarofc\/\"\n                        title=\"Diego Uriarte marc\u00f3 doblete en triundo de Dorados 3-1 a MoncaroFC\">Diego Uriarte marc\u00f3 doblete en triundo de Dorados 3-1 a MoncaroFC<\/a><\/h2><\/header><div class=\"eael-entry-content\">\n                        <div class=\"eael-grid-post-excerpt\"><p>CULIAC\u00c1N, Sin., 23 de marzo de 2024.- Diego Uriarte Rivera (#180), marc\u00f3 un doblete en el triunfo de Dorados de Sinaloa, 3-1 sobre Moncaro FC, de Tequila, Jalisco. Los peces consiguieron su tercer triunfo consecutivo, despu\u00e9s de tres derrotas continuas....<\/p><a href=\"https:\/\/sinaloadossier.com.mx\/oficial\/2024\/03\/24\/diego-uriarte-marco-doblete-en-triundo-de-dorados-3-1-a-moncarofc\/\" class=\"eael-post-elements-readmore-btn\">Leer m\u00e1s<\/a><\/div>\n                    <\/div><\/div><div class=\"eael-entry-media\"><div class=\"eael-entry-overlay fade-in\"><i class=\"fas fa-long-arrow-alt-right\" aria-hidden=\"true\"><\/i><a href=\"https:\/\/sinaloadossier.com.mx\/oficial\/2024\/03\/24\/diego-uriarte-marco-doblete-en-triundo-de-dorados-3-1-a-moncarofc\/\"><\/a><\/div><div class=\"eael-entry-thumbnail \">\n                <img loading=\"lazy\" decoding=\"async\" width=\"300\" height=\"182\" src=\"https:\/\/sinaloadossier.com.mx\/oficial\/wp-content\/uploads\/2024\/03\/DIEGO_REMATA_A_GOL_2-300x182.jpg\" class=\"attachment-medium size-medium wp-image-1531\" alt=\"DIEGO REMATA A GOL 2\" srcset=\"https:\/\/sinaloadossier.com.mx\/oficial\/wp-content\/uploads\/2024\/03\/DIEGO_REMATA_A_GOL_2-300x182.jpg 300w, https:\/\/sinaloadossier.com.mx\/oficial\/wp-content\/uploads\/2024\/03\/DIEGO_REMATA_A_GOL_2-1024x621.jpg 1024w, https:\/\/sinaloadossier.com.mx\/oficial\/wp-content\/uploads\/2024\/03\/DIEGO_REMATA_A_GOL_2-768x465.jpg 768w, https:\/\/sinaloadossier.com.mx\/oficial\/wp-content\/uploads\/2024\/03\/DIEGO_REMATA_A_GOL_2-1536x931.jpg 1536w, https:\/\/sinaloadossier.com.mx\/oficial\/wp-content\/uploads\/2024\/03\/DIEGO_REMATA_A_GOL_2.JPG 1800w\" sizes=\"(max-width: 300px) 100vw, 300px\" \/>\n            <\/div>\n        <\/div><\/div>\n        <\/div>\n    <\/article><\/div>\n            <div class=\"clearfix\"><\/div>\n        <\/div>            <div class=\"eael-load-more-button-wrap eael-force-hide\">\n                <button class=\"eael-load-more-button\" id=\"eael-load-more-btn-8ac729a\" data-widget-id=\"8ac729a\" data-widget=\"8ac729a\" data-page-id=\"2506\" data-template=\"{&quot;dir&quot;:&quot;lite&quot;,&quot;file_name&quot;:&quot;default.php&quot;,&quot;name&quot;:&quot;Post-Grid&quot;}\" data-class=\"Essential_Addons_Elementor\\Elements\\Post_Grid\" data-layout=\"grid\" data-page=\"1\" data-args=\"orderby=date&amp;order=desc&amp;ignore_sticky_posts=0&amp;post_status=publish&amp;posts_per_page=8&amp;offset=0&amp;post_type=post&amp;tax_query%5B0%5D%5Btaxonomy%5D=category&amp;tax_query%5B0%5D%5Bfield%5D=term_id&amp;tax_query%5B0%5D%5Bterms%5D%5B0%5D=10&amp;tax_query%5Brelation%5D=AND\" data-max-page=\"12\">\n                    <span class=\"eael-btn-loader button__loader\"><\/span>\n                    <span class=\"eael_load_more_text\">Cargar m\u00e1s<\/span>\n                <\/button>\n            <\/div>\n            \t\t\t\t<\/div>\n\t\t\t\t<\/div>\n\t\t\t\t\t<\/div>\n\t\t\t\t<\/div>\n\t\t\t\t<\/div>\n\t\t","protected":false},"excerpt":{"rendered":"<p>FUERZAS B\u00c1SICAS sinaloadossier.com.mx P\u00f3ker de goles de Diego Rivera , Dorados gole\u00f3 5-1 a Guaymas FC TESIST\u00c1N, Jal., 5 de octubre de 2024.- Con un p\u00f3ker de goles de Diego Rivera Portugal y otro de Diego Uriarte Rivera, los Dorados de Sinaloa golearon 5-1 a Guaymas FC, al iniciar su participaci\u00f3n en el Torneo 2024-2025 [&hellip;]<\/p>\n","protected":false},"author":1,"featured_media":0,"parent":0,"menu_order":0,"comment_status":"closed","ping_status":"closed","template":"","meta":{"footnotes":""},"class_list":["post-2506","page","type-page","status-publish","hentry"],"_links":{"self":[{"href":"https:\/\/sinaloadossier.com.mx\/oficial\/wp-json\/wp\/v2\/pages\/2506","targetHints":{"allow":["GET"]}}],"collection":[{"href":"https:\/\/sinaloadossier.com.mx\/oficial\/wp-json\/wp\/v2\/pages"}],"about":[{"href":"https:\/\/sinaloadossier.com.mx\/oficial\/wp-json\/wp\/v2\/types\/page"}],"author":[{"embeddable":true,"href":"https:\/\/sinaloadossier.com.mx\/oficial\/wp-json\/wp\/v2\/users\/1"}],"replies":[{"embeddable":true,"href":"https:\/\/sinaloadossier.com.mx\/oficial\/wp-json\/wp\/v2\/comments?post=2506"}],"version-history":[{"count":4,"href":"https:\/\/sinaloadossier.com.mx\/oficial\/wp-json\/wp\/v2\/pages\/2506\/revisions"}],"predecessor-version":[{"id":2510,"href":"https:\/\/sinaloadossier.com.mx\/oficial\/wp-json\/wp\/v2\/pages\/2506\/revisions\/2510"}],"wp:attachment":[{"href":"https:\/\/sinaloadossier.com.mx\/oficial\/wp-json\/wp\/v2\/media?parent=2506"}],"curies":[{"name":"wp","href":"https:\/\/api.w.org\/{rel}","templated":true}]}}