{"id":2500,"date":"2025-08-10T16:28:53","date_gmt":"2025-08-10T23:28:53","guid":{"rendered":"https:\/\/sinaloadossier.com.mx\/oficial\/?page_id=2500"},"modified":"2025-08-10T16:30:03","modified_gmt":"2025-08-10T23:30:03","slug":"mazatlan-fc","status":"publish","type":"page","link":"https:\/\/sinaloadossier.com.mx\/oficial\/mazatlan-fc\/","title":{"rendered":"MAZATL\u00c1N FC"},"content":{"rendered":"\t\t<div data-elementor-type=\"wp-page\" data-elementor-id=\"2500\" class=\"elementor elementor-2500\">\n\t\t\t\t<div class=\"elementor-element elementor-element-eade0f8 e-flex e-con-boxed e-con e-parent\" data-id=\"eade0f8\" data-element_type=\"container\" data-e-type=\"container\">\n\t\t\t\t\t<div class=\"e-con-inner\">\n\t\t\t\t<div class=\"elementor-element elementor-element-ee2f316 eael-dual-header-content-align-center elementor-widget elementor-widget-eael-dual-color-header\" data-id=\"ee2f316\" data-element_type=\"widget\" data-e-type=\"widget\" data-widget_type=\"eael-dual-color-header.default\">\n\t\t\t\t<div class=\"elementor-widget-container\">\n\t\t\t\t\t\t\t\t<div class=\"eael-dual-header\">\n\t\t\t\t<h2 class=\"title eael-dch-title\"><span class=\"eael-dch-title-text eael-dch-title-lead lead solid-color\">MAZATL\u00c1N<\/span> <span class=\"eael-dch-title-text\">FC<\/span><\/h2>\t\t\t\t\t<span class=\"subtext\"><p>sinaloadossier.com.mx<\/p><\/span>\n\t\t\t\t\t\t\t<\/div>\n\n\t\t\t\t\t\t<\/div>\n\t\t\t\t<\/div>\n\t\t\t\t<div class=\"elementor-element elementor-element-8ac729a elementor-grid-eael-col-4 elementor-grid-tablet-eael-col-2 elementor-grid-mobile-eael-col-1 elementor-widget elementor-widget-eael-post-grid\" data-id=\"8ac729a\" data-element_type=\"widget\" data-e-type=\"widget\" data-settings=\"{&quot;eael_post_grid_columns&quot;:&quot;eael-col-4&quot;,&quot;eael_post_grid_columns_tablet&quot;:&quot;eael-col-2&quot;,&quot;eael_post_grid_columns_mobile&quot;:&quot;eael-col-1&quot;}\" data-widget_type=\"eael-post-grid.default\">\n\t\t\t\t<div class=\"elementor-widget-container\">\n\t\t\t\t\t<div id=\"eael-post-grid-8ac729a\" class=\"eael-post-grid-container\">\n            <div class=\"eael-post-grid eael-post-appender eael-post-appender-8ac729a eael-post-grid-style-default\" data-layout-mode=\"grid\"><article class=\"eael-grid-post eael-post-grid-column eael-pg-post-1250 category-mazatlan-fc\" data-id=\"1250\">\n        <div class=\"eael-grid-post-holder\">\n            <div class=\"eael-grid-post-holder-inner\"><div class=\"eael-entry-wrapper\"><header class=\"eael-entry-header\"><h2 class=\"eael-entry-title\"><a\n                        class=\"eael-grid-post-link\"\n                        href=\"https:\/\/sinaloadossier.com.mx\/oficial\/2023\/07\/15\/monterrey-golea-3-0-a-los-pata-saladas-de-mazatlan-fc\/\"\n                        title=\"Monterrey golea 3-0 a los &#8220;Patas &#8220;Saladas&#8221; de Mazatl\u00e1n FC\">Monterrey golea 3-0 a los &#8220;Patas &#8220;Saladas&#8221; de Mazatl\u00e1n FC<\/a><\/h2><\/header><div class=\"eael-entry-content\">\n                        <div class=\"eael-grid-post-excerpt\"><p>MAZATL\u00c1N, Sin.,14 de julio de 2023.- Los \u201cPata Saladas\u201d de Mazatl\u00e1n fueron goleados esta noche por los Rayados de Monterrey en un juego en que el equipo del Pac\u00edfico tuvo todo en contra desde el minuto 15 al quedarse con...<\/p><a href=\"https:\/\/sinaloadossier.com.mx\/oficial\/2023\/07\/15\/monterrey-golea-3-0-a-los-pata-saladas-de-mazatlan-fc\/\" class=\"eael-post-elements-readmore-btn\">Leer m\u00e1s<\/a><\/div>\n                    <\/div><\/div><div class=\"eael-entry-media\"><div class=\"eael-entry-overlay fade-in\"><i class=\"fas fa-long-arrow-alt-right\" aria-hidden=\"true\"><\/i><a href=\"https:\/\/sinaloadossier.com.mx\/oficial\/2023\/07\/15\/monterrey-golea-3-0-a-los-pata-saladas-de-mazatlan-fc\/\"><\/a><\/div><div class=\"eael-entry-thumbnail \">\n                <img fetchpriority=\"high\" decoding=\"async\" width=\"300\" height=\"209\" src=\"https:\/\/sinaloadossier.com.mx\/oficial\/wp-content\/uploads\/2023\/07\/MAZ_RADOS-300x209.jpg\" class=\"attachment-medium size-medium wp-image-1249\" alt=\"MAZ RADOS\" srcset=\"https:\/\/sinaloadossier.com.mx\/oficial\/wp-content\/uploads\/2023\/07\/MAZ_RADOS-300x209.jpg 300w, https:\/\/sinaloadossier.com.mx\/oficial\/wp-content\/uploads\/2023\/07\/MAZ_RADOS-768x535.jpg 768w, https:\/\/sinaloadossier.com.mx\/oficial\/wp-content\/uploads\/2023\/07\/MAZ_RADOS.jpg 938w\" sizes=\"(max-width: 300px) 100vw, 300px\" \/>\n            <\/div>\n        <\/div><\/div>\n        <\/div>\n    <\/article><article class=\"eael-grid-post eael-post-grid-column eael-pg-post-1141 category-mazatlan-fc\" data-id=\"1141\">\n        <div class=\"eael-grid-post-holder\">\n            <div class=\"eael-grid-post-holder-inner\"><div class=\"eael-entry-wrapper\"><header class=\"eael-entry-header\"><h2 class=\"eael-entry-title\"><a\n                        class=\"eael-grid-post-link\"\n                        href=\"https:\/\/sinaloadossier.com.mx\/oficial\/2023\/03\/25\/leon-asume-subliderato-ganando-2-1-a-los-patas-saladas-de-mazatlan\/\"\n                        title=\"Le\u00f3n asume subliderato ganando 2-1 a los &#8220;Patas Saladas&#8221; de Mazatl\u00e1n.\">Le\u00f3n asume subliderato ganando 2-1 a los &#8220;Patas Saladas&#8221; de Mazatl\u00e1n.<\/a><\/h2><\/header><div class=\"eael-entry-content\">\n                        <div class=\"eael-grid-post-excerpt\"><p>MAZATL\u00c1N, Sin., 24 de marzo de 2023.- A pesar de la ausencia de tres titulares, los \u201cPanzas Verdes\u201d de Le\u00f3n ganaron de visita a los \u201cPatas Saladas\u201d de Mazatl\u00e1n FC por 2-1, en juego pendiente de la primera jornada de...<\/p><a href=\"https:\/\/sinaloadossier.com.mx\/oficial\/2023\/03\/25\/leon-asume-subliderato-ganando-2-1-a-los-patas-saladas-de-mazatlan\/\" class=\"eael-post-elements-readmore-btn\">Leer m\u00e1s<\/a><\/div>\n                    <\/div><\/div><div class=\"eael-entry-media\"><div class=\"eael-entry-overlay fade-in\"><i class=\"fas fa-long-arrow-alt-right\" aria-hidden=\"true\"><\/i><a href=\"https:\/\/sinaloadossier.com.mx\/oficial\/2023\/03\/25\/leon-asume-subliderato-ganando-2-1-a-los-patas-saladas-de-mazatlan\/\"><\/a><\/div><div class=\"eael-entry-thumbnail \">\n                <img decoding=\"async\" width=\"300\" height=\"200\" src=\"https:\/\/sinaloadossier.com.mx\/oficial\/wp-content\/uploads\/2023\/03\/Maza_Leon-300x200.jpg\" class=\"attachment-medium size-medium wp-image-1140\" alt=\"Maza Leon\" srcset=\"https:\/\/sinaloadossier.com.mx\/oficial\/wp-content\/uploads\/2023\/03\/Maza_Leon-300x200.jpg 300w, https:\/\/sinaloadossier.com.mx\/oficial\/wp-content\/uploads\/2023\/03\/Maza_Leon-768x512.jpg 768w, https:\/\/sinaloadossier.com.mx\/oficial\/wp-content\/uploads\/2023\/03\/Maza_Leon.jpg 900w\" sizes=\"(max-width: 300px) 100vw, 300px\" \/>\n            <\/div>\n        <\/div><\/div>\n        <\/div>\n    <\/article><article class=\"eael-grid-post eael-post-grid-column eael-pg-post-1129 category-mazatlan-fc\" data-id=\"1129\">\n        <div class=\"eael-grid-post-holder\">\n            <div class=\"eael-grid-post-holder-inner\"><div class=\"eael-entry-wrapper\"><header class=\"eael-entry-header\"><h2 class=\"eael-entry-title\"><a\n                        class=\"eael-grid-post-link\"\n                        href=\"https:\/\/sinaloadossier.com.mx\/oficial\/2023\/03\/18\/necaxa-propino-novena-derrota-de-los-patas-saladas-de-mazatlan-fc\/\"\n                        title=\"Necaxa propin\u00f3 novena derrota de los &#8220;Patas Saladas&#8221; de Mazatl\u00e1n FC\">Necaxa propin\u00f3 novena derrota de los &#8220;Patas Saladas&#8221; de Mazatl\u00e1n FC<\/a><\/h2><\/header><div class=\"eael-entry-content\">\n                        <div class=\"eael-grid-post-excerpt\"><p>MAZATL\u00c1N, Sin., 17 de marzo de 2023.- Un gol pol\u00e9mico, en aparente fuera de lugar, sobre el final del primer tiempo, le dio un triunfo angustioso a los Rayos del Necaxa sobre los \u201cPatas Saladas\u201d de Mazatl\u00e1n FC. &nbsp;Pero, el...<\/p><a href=\"https:\/\/sinaloadossier.com.mx\/oficial\/2023\/03\/18\/necaxa-propino-novena-derrota-de-los-patas-saladas-de-mazatlan-fc\/\" class=\"eael-post-elements-readmore-btn\">Leer m\u00e1s<\/a><\/div>\n                    <\/div><\/div><div class=\"eael-entry-media\"><div class=\"eael-entry-overlay fade-in\"><i class=\"fas fa-long-arrow-alt-right\" aria-hidden=\"true\"><\/i><a href=\"https:\/\/sinaloadossier.com.mx\/oficial\/2023\/03\/18\/necaxa-propino-novena-derrota-de-los-patas-saladas-de-mazatlan-fc\/\"><\/a><\/div><div class=\"eael-entry-thumbnail \">\n                <img decoding=\"async\" width=\"300\" height=\"202\" src=\"https:\/\/sinaloadossier.com.mx\/oficial\/wp-content\/uploads\/2023\/03\/Maz-necaxa-300x202.jpg\" class=\"attachment-medium size-medium wp-image-1128\" alt=\"Maz necaxa\" srcset=\"https:\/\/sinaloadossier.com.mx\/oficial\/wp-content\/uploads\/2023\/03\/Maz-necaxa-300x202.jpg 300w, https:\/\/sinaloadossier.com.mx\/oficial\/wp-content\/uploads\/2023\/03\/Maz-necaxa.jpg 680w\" sizes=\"(max-width: 300px) 100vw, 300px\" \/>\n            <\/div>\n        <\/div><\/div>\n        <\/div>\n    <\/article><article class=\"eael-grid-post eael-post-grid-column eael-pg-post-1113 category-mazatlan-fc\" data-id=\"1113\">\n        <div class=\"eael-grid-post-holder\">\n            <div class=\"eael-grid-post-holder-inner\"><div class=\"eael-entry-wrapper\"><header class=\"eael-entry-header\"><h2 class=\"eael-entry-title\"><a\n                        class=\"eael-grid-post-link\"\n                        href=\"https:\/\/sinaloadossier.com.mx\/oficial\/2023\/03\/05\/por-fin-ganaron-los-patas-saladas-de-mazatlan-3-1-a-cruz-azul\/\"\n                        title=\"\u00a1Por fin! ganaron los &#8220;Patas Saladas&#8221; de Mazatl\u00e1n; 3-1 a Cruz Azul\">\u00a1Por fin! ganaron los &#8220;Patas Saladas&#8221; de Mazatl\u00e1n; 3-1 a Cruz Azul<\/a><\/h2><\/header><div class=\"eael-entry-content\">\n                        <div class=\"eael-grid-post-excerpt\"><p>MAZATL\u00c1N, Sin., 3 de marzo de 2023.- &nbsp;Por fin, despu\u00e9s de seis meses sin conocer la victoria, los \u201cPatas Saladas\u201d de Mazatl\u00e1n FC ganaron su primer juego en la Liga MX, y fue ante un equipo que en teor\u00eda era...<\/p><a href=\"https:\/\/sinaloadossier.com.mx\/oficial\/2023\/03\/05\/por-fin-ganaron-los-patas-saladas-de-mazatlan-3-1-a-cruz-azul\/\" class=\"eael-post-elements-readmore-btn\">Leer m\u00e1s<\/a><\/div>\n                    <\/div><\/div><div class=\"eael-entry-media\"><div class=\"eael-entry-overlay fade-in\"><i class=\"fas fa-long-arrow-alt-right\" aria-hidden=\"true\"><\/i><a href=\"https:\/\/sinaloadossier.com.mx\/oficial\/2023\/03\/05\/por-fin-ganaron-los-patas-saladas-de-mazatlan-3-1-a-cruz-azul\/\"><\/a><\/div><div class=\"eael-entry-thumbnail \">\n                <img loading=\"lazy\" decoding=\"async\" width=\"300\" height=\"165\" src=\"https:\/\/sinaloadossier.com.mx\/oficial\/wp-content\/uploads\/2023\/03\/por_fin_patas_saladas-300x165.jpg\" class=\"attachment-medium size-medium wp-image-1112\" alt=\"por fin patas saladas\" srcset=\"https:\/\/sinaloadossier.com.mx\/oficial\/wp-content\/uploads\/2023\/03\/por_fin_patas_saladas-300x165.jpg 300w, https:\/\/sinaloadossier.com.mx\/oficial\/wp-content\/uploads\/2023\/03\/por_fin_patas_saladas.jpg 720w\" sizes=\"(max-width: 300px) 100vw, 300px\" \/>\n            <\/div>\n        <\/div><\/div>\n        <\/div>\n    <\/article><article class=\"eael-grid-post eael-post-grid-column eael-pg-post-1098 category-mazatlan-fc\" data-id=\"1098\">\n        <div class=\"eael-grid-post-holder\">\n            <div class=\"eael-grid-post-holder-inner\"><div class=\"eael-entry-wrapper\"><header class=\"eael-entry-header\"><h2 class=\"eael-entry-title\"><a\n                        class=\"eael-grid-post-link\"\n                        href=\"https:\/\/sinaloadossier.com.mx\/oficial\/2023\/02\/25\/pumas-gano-a-mazatlan-fc-y-los-jugadores-pierden-30-mil-dolares\/\"\n                        title=\"Pumas gan\u00f3 a Mazatl\u00e1n FC 2-1, y los jugadores pierden 30 mil d\u00f3lares.\">Pumas gan\u00f3 a Mazatl\u00e1n FC 2-1, y los jugadores pierden 30 mil d\u00f3lares.<\/a><\/h2><\/header><div class=\"eael-entry-content\">\n                        <div class=\"eael-grid-post-excerpt\"><p>MAZATL\u00c1N, Sin., 24 de febrero de 2023.- &nbsp;Ricardo Salinas Pliego ofreci\u00f3 300 mil d\u00f3lares a los jugadores de Mazatl\u00e1n FC si le ganaban a Pumas esta noche. Pero, como perdieron 1-2, los \u201cPatas Saladas\u201d tendr\u00e1n que regalar dos carritos de...<\/p><a href=\"https:\/\/sinaloadossier.com.mx\/oficial\/2023\/02\/25\/pumas-gano-a-mazatlan-fc-y-los-jugadores-pierden-30-mil-dolares\/\" class=\"eael-post-elements-readmore-btn\">Leer m\u00e1s<\/a><\/div>\n                    <\/div><\/div><div class=\"eael-entry-media\"><div class=\"eael-entry-overlay fade-in\"><i class=\"fas fa-long-arrow-alt-right\" aria-hidden=\"true\"><\/i><a href=\"https:\/\/sinaloadossier.com.mx\/oficial\/2023\/02\/25\/pumas-gano-a-mazatlan-fc-y-los-jugadores-pierden-30-mil-dolares\/\"><\/a><\/div><div class=\"eael-entry-thumbnail \">\n                <img loading=\"lazy\" decoding=\"async\" width=\"300\" height=\"169\" src=\"https:\/\/sinaloadossier.com.mx\/oficial\/wp-content\/uploads\/2023\/02\/mazatlan-pumas-1_1-3518712_20230224223049-300x169.jpg\" class=\"attachment-medium size-medium wp-image-1097\" alt=\"mazatlan pumas 1 1 3518712 20230224223049\" srcset=\"https:\/\/sinaloadossier.com.mx\/oficial\/wp-content\/uploads\/2023\/02\/mazatlan-pumas-1_1-3518712_20230224223049-300x169.jpg 300w, https:\/\/sinaloadossier.com.mx\/oficial\/wp-content\/uploads\/2023\/02\/mazatlan-pumas-1_1-3518712_20230224223049.jpg 768w\" sizes=\"(max-width: 300px) 100vw, 300px\" \/>\n            <\/div>\n        <\/div><\/div>\n        <\/div>\n    <\/article><article class=\"eael-grid-post eael-post-grid-column eael-pg-post-1089 category-mazatlan-fc\" data-id=\"1089\">\n        <div class=\"eael-grid-post-holder\">\n            <div class=\"eael-grid-post-holder-inner\"><div class=\"eael-entry-wrapper\"><header class=\"eael-entry-header\"><h2 class=\"eael-entry-title\"><a\n                        class=\"eael-grid-post-link\"\n                        href=\"https:\/\/sinaloadossier.com.mx\/oficial\/2023\/02\/17\/dorados-de-sinaloa-y-mazatlan-fc-dan-pena-en-el-futbol\/\"\n                        title=\"Dorados de Sinaloa y Mazatl\u00e1n FC dan pena en el futbol\">Dorados de Sinaloa y Mazatl\u00e1n FC dan pena en el futbol<\/a><\/h2><\/header><div class=\"eael-entry-content\">\n                        <div class=\"eael-grid-post-excerpt\"><p>CULIAC\u00c1N, Sin., 17 de febrero de 2023.- De plano, dan pena los dos equipos sinaloenses que participan en el futbol profesional. Dorados de Sinaloa sum\u00f3 su sexta derrota en la Liga de Expansi\u00f3n, mientras que \u201cLos Pata Saladas\u201d de Mazatl\u00e1n...<\/p><a href=\"https:\/\/sinaloadossier.com.mx\/oficial\/2023\/02\/17\/dorados-de-sinaloa-y-mazatlan-fc-dan-pena-en-el-futbol\/\" class=\"eael-post-elements-readmore-btn\">Leer m\u00e1s<\/a><\/div>\n                    <\/div><\/div><div class=\"eael-entry-media\"><div class=\"eael-entry-overlay fade-in\"><i class=\"fas fa-long-arrow-alt-right\" aria-hidden=\"true\"><\/i><a href=\"https:\/\/sinaloadossier.com.mx\/oficial\/2023\/02\/17\/dorados-de-sinaloa-y-mazatlan-fc-dan-pena-en-el-futbol\/\"><\/a><\/div><div class=\"eael-entry-thumbnail \">\n                <img loading=\"lazy\" decoding=\"async\" width=\"300\" height=\"196\" src=\"https:\/\/sinaloadossier.com.mx\/oficial\/wp-content\/uploads\/2023\/02\/ARELI_HINCADO-300x196.jpg\" class=\"attachment-medium size-medium wp-image-1088\" alt=\"ARELI HINCADO\" srcset=\"https:\/\/sinaloadossier.com.mx\/oficial\/wp-content\/uploads\/2023\/02\/ARELI_HINCADO-300x196.jpg 300w, https:\/\/sinaloadossier.com.mx\/oficial\/wp-content\/uploads\/2023\/02\/ARELI_HINCADO-1024x670.jpg 1024w, https:\/\/sinaloadossier.com.mx\/oficial\/wp-content\/uploads\/2023\/02\/ARELI_HINCADO-768x503.jpg 768w, https:\/\/sinaloadossier.com.mx\/oficial\/wp-content\/uploads\/2023\/02\/ARELI_HINCADO-1536x1005.jpg 1536w, https:\/\/sinaloadossier.com.mx\/oficial\/wp-content\/uploads\/2023\/02\/ARELI_HINCADO-2048x1341.jpg 2048w\" sizes=\"(max-width: 300px) 100vw, 300px\" \/>\n            <\/div>\n        <\/div><\/div>\n        <\/div>\n    <\/article><article class=\"eael-grid-post eael-post-grid-column eael-pg-post-1075 category-mazatlan-fc\" data-id=\"1075\">\n        <div class=\"eael-grid-post-holder\">\n            <div class=\"eael-grid-post-holder-inner\"><div class=\"eael-entry-wrapper\"><header class=\"eael-entry-header\"><h2 class=\"eael-entry-title\"><a\n                        class=\"eael-grid-post-link\"\n                        href=\"https:\/\/sinaloadossier.com.mx\/oficial\/2023\/02\/12\/los-patas-saladas-siguen-perdiendo-a-pesar-de-nuevo-entrenador\/\"\n                        title=\"Los &#8220;Patas Saladas&#8221; siguen perdiendo, a pesar de nuevo entrenador\">Los &#8220;Patas Saladas&#8221; siguen perdiendo, a pesar de nuevo entrenador<\/a><\/h2><\/header><div class=\"eael-entry-content\">\n                        <div class=\"eael-grid-post-excerpt\"><p>PUEBLA, Pue., 11 de febrero de 2023.- &nbsp;Estrenaron director t\u00e9cnico los \u201cPata Saladas\u201d de Mazatl\u00e1n FC y fueron goleados otra vez, ahora por los camoteros de Puebla por un marcador de 1-3. El cuadro porte\u00f1o sigue estancado en el s\u00f3tano...<\/p><a href=\"https:\/\/sinaloadossier.com.mx\/oficial\/2023\/02\/12\/los-patas-saladas-siguen-perdiendo-a-pesar-de-nuevo-entrenador\/\" class=\"eael-post-elements-readmore-btn\">Leer m\u00e1s<\/a><\/div>\n                    <\/div><\/div><div class=\"eael-entry-media\"><div class=\"eael-entry-overlay fade-in\"><i class=\"fas fa-long-arrow-alt-right\" aria-hidden=\"true\"><\/i><a href=\"https:\/\/sinaloadossier.com.mx\/oficial\/2023\/02\/12\/los-patas-saladas-siguen-perdiendo-a-pesar-de-nuevo-entrenador\/\"><\/a><\/div><div class=\"eael-entry-thumbnail \">\n                <img loading=\"lazy\" decoding=\"async\" width=\"300\" height=\"169\" src=\"https:\/\/sinaloadossier.com.mx\/oficial\/wp-content\/uploads\/2023\/02\/Pue-_Mazatlan-300x169.jpg\" class=\"attachment-medium size-medium wp-image-1074\" alt=\"Pue Mazatlan\" srcset=\"https:\/\/sinaloadossier.com.mx\/oficial\/wp-content\/uploads\/2023\/02\/Pue-_Mazatlan-300x169.jpg 300w, https:\/\/sinaloadossier.com.mx\/oficial\/wp-content\/uploads\/2023\/02\/Pue-_Mazatlan.jpg 768w\" sizes=\"(max-width: 300px) 100vw, 300px\" \/>\n            <\/div>\n        <\/div><\/div>\n        <\/div>\n    <\/article><article class=\"eael-grid-post eael-post-grid-column eael-pg-post-1059 category-mazatlan-fc\" data-id=\"1059\">\n        <div class=\"eael-grid-post-holder\">\n            <div class=\"eael-grid-post-holder-inner\"><div class=\"eael-entry-wrapper\"><header class=\"eael-entry-header\"><h2 class=\"eael-entry-title\"><a\n                        class=\"eael-grid-post-link\"\n                        href=\"https:\/\/sinaloadossier.com.mx\/oficial\/2023\/02\/04\/los-patas-saladas-de-mazatlan-fc-dan-penaperdieron-ante-juarez\/\"\n                        title=\"Los &#8220;Patas Saladas&#8221; de Mazatl\u00e1n FC dan pena; perdieron ante Ju\u00e1rez\">Los &#8220;Patas Saladas&#8221; de Mazatl\u00e1n FC dan pena; perdieron ante Ju\u00e1rez<\/a><\/h2><\/header><div class=\"eael-entry-content\">\n                        <div class=\"eael-grid-post-excerpt\"><p>MAZATL\u00c1N, Sin., 3 de febrero de 2023.- La crisis de los \u201cPata Saladas\u201d de Mazatl\u00e1n FC se extiende a cuatro derrotas consecutivas. Esta noche perdi\u00f3 2-3 ante los Bravos de Ju\u00e1rez, un rival directo con quien los porte\u00f1os luchan por...<\/p><a href=\"https:\/\/sinaloadossier.com.mx\/oficial\/2023\/02\/04\/los-patas-saladas-de-mazatlan-fc-dan-penaperdieron-ante-juarez\/\" class=\"eael-post-elements-readmore-btn\">Leer m\u00e1s<\/a><\/div>\n                    <\/div><\/div><div class=\"eael-entry-media\"><div class=\"eael-entry-overlay fade-in\"><i class=\"fas fa-long-arrow-alt-right\" aria-hidden=\"true\"><\/i><a href=\"https:\/\/sinaloadossier.com.mx\/oficial\/2023\/02\/04\/los-patas-saladas-de-mazatlan-fc-dan-penaperdieron-ante-juarez\/\"><\/a><\/div><div class=\"eael-entry-thumbnail \">\n                <img loading=\"lazy\" decoding=\"async\" width=\"300\" height=\"191\" src=\"https:\/\/sinaloadossier.com.mx\/oficial\/wp-content\/uploads\/2023\/02\/Akeloba-300x191.jpg\" class=\"attachment-medium size-medium wp-image-1058\" alt=\"Akeloba\" srcset=\"https:\/\/sinaloadossier.com.mx\/oficial\/wp-content\/uploads\/2023\/02\/Akeloba-300x191.jpg 300w, https:\/\/sinaloadossier.com.mx\/oficial\/wp-content\/uploads\/2023\/02\/Akeloba.jpg 610w\" sizes=\"(max-width: 300px) 100vw, 300px\" \/>\n            <\/div>\n        <\/div><\/div>\n        <\/div>\n    <\/article><\/div>\n            <div class=\"clearfix\"><\/div>\n        <\/div>            <div class=\"eael-load-more-button-wrap eael-force-hide\">\n                <button class=\"eael-load-more-button\" id=\"eael-load-more-btn-8ac729a\" data-widget-id=\"8ac729a\" data-widget=\"8ac729a\" data-page-id=\"2500\" data-template=\"{&quot;dir&quot;:&quot;lite&quot;,&quot;file_name&quot;:&quot;default.php&quot;,&quot;name&quot;:&quot;Post-Grid&quot;}\" data-class=\"Essential_Addons_Elementor\\Elements\\Post_Grid\" data-layout=\"grid\" data-page=\"1\" data-args=\"orderby=date&amp;order=desc&amp;ignore_sticky_posts=0&amp;post_status=publish&amp;posts_per_page=8&amp;offset=0&amp;post_type=post&amp;tax_query%5B0%5D%5Btaxonomy%5D=category&amp;tax_query%5B0%5D%5Bfield%5D=term_id&amp;tax_query%5B0%5D%5Bterms%5D%5B0%5D=15&amp;tax_query%5Brelation%5D=AND\" data-max-page=\"4\">\n                    <span class=\"eael-btn-loader button__loader\"><\/span>\n                    <span class=\"eael_load_more_text\">Cargar m\u00e1s<\/span>\n                <\/button>\n            <\/div>\n            \t\t\t\t<\/div>\n\t\t\t\t<\/div>\n\t\t\t\t\t<\/div>\n\t\t\t\t<\/div>\n\t\t\t\t<\/div>\n\t\t","protected":false},"excerpt":{"rendered":"<p>MAZATL\u00c1N FC sinaloadossier.com.mx Monterrey golea 3-0 a los &#8220;Patas &#8220;Saladas&#8221; de Mazatl\u00e1n FC MAZATL\u00c1N, Sin.,14 de julio de 2023.- Los \u201cPata Saladas\u201d de Mazatl\u00e1n fueron goleados esta noche por los Rayados de Monterrey en un juego en que el equipo del Pac\u00edfico tuvo todo en contra desde el minuto 15 al quedarse con&#8230; Leer m\u00e1s [&hellip;]<\/p>\n","protected":false},"author":1,"featured_media":0,"parent":0,"menu_order":0,"comment_status":"closed","ping_status":"closed","template":"","meta":{"footnotes":""},"class_list":["post-2500","page","type-page","status-publish","hentry"],"_links":{"self":[{"href":"https:\/\/sinaloadossier.com.mx\/oficial\/wp-json\/wp\/v2\/pages\/2500","targetHints":{"allow":["GET"]}}],"collection":[{"href":"https:\/\/sinaloadossier.com.mx\/oficial\/wp-json\/wp\/v2\/pages"}],"about":[{"href":"https:\/\/sinaloadossier.com.mx\/oficial\/wp-json\/wp\/v2\/types\/page"}],"author":[{"embeddable":true,"href":"https:\/\/sinaloadossier.com.mx\/oficial\/wp-json\/wp\/v2\/users\/1"}],"replies":[{"embeddable":true,"href":"https:\/\/sinaloadossier.com.mx\/oficial\/wp-json\/wp\/v2\/comments?post=2500"}],"version-history":[{"count":4,"href":"https:\/\/sinaloadossier.com.mx\/oficial\/wp-json\/wp\/v2\/pages\/2500\/revisions"}],"predecessor-version":[{"id":2504,"href":"https:\/\/sinaloadossier.com.mx\/oficial\/wp-json\/wp\/v2\/pages\/2500\/revisions\/2504"}],"wp:attachment":[{"href":"https:\/\/sinaloadossier.com.mx\/oficial\/wp-json\/wp\/v2\/media?parent=2500"}],"curies":[{"name":"wp","href":"https:\/\/api.w.org\/{rel}","templated":true}]}}