{"id":2494,"date":"2025-08-10T16:25:57","date_gmt":"2025-08-10T23:25:57","guid":{"rendered":"https:\/\/sinaloadossier.com.mx\/oficial\/?page_id=2494"},"modified":"2025-08-10T16:27:32","modified_gmt":"2025-08-10T23:27:32","slug":"dorados-de-sinaloa","status":"publish","type":"page","link":"https:\/\/sinaloadossier.com.mx\/oficial\/dorados-de-sinaloa\/","title":{"rendered":"DORADOS DE SINALOA"},"content":{"rendered":"\t\t<div data-elementor-type=\"wp-page\" data-elementor-id=\"2494\" class=\"elementor elementor-2494\">\n\t\t\t\t<div class=\"elementor-element elementor-element-eade0f8 e-flex e-con-boxed e-con e-parent\" data-id=\"eade0f8\" data-element_type=\"container\" data-e-type=\"container\">\n\t\t\t\t\t<div class=\"e-con-inner\">\n\t\t\t\t<div class=\"elementor-element elementor-element-ee2f316 eael-dual-header-content-align-center elementor-widget elementor-widget-eael-dual-color-header\" data-id=\"ee2f316\" data-element_type=\"widget\" data-e-type=\"widget\" data-widget_type=\"eael-dual-color-header.default\">\n\t\t\t\t<div class=\"elementor-widget-container\">\n\t\t\t\t\t\t\t\t<div class=\"eael-dual-header\">\n\t\t\t\t<h2 class=\"title eael-dch-title\"><span class=\"eael-dch-title-text eael-dch-title-lead lead solid-color\">DORADOS DE<\/span> <span class=\"eael-dch-title-text\">SINALOA<\/span><\/h2>\t\t\t\t\t<span class=\"subtext\"><p>sinaloadossier.com.mx<\/p><\/span>\n\t\t\t\t\t\t\t<\/div>\n\n\t\t\t\t\t\t<\/div>\n\t\t\t\t<\/div>\n\t\t\t\t<div class=\"elementor-element elementor-element-8ac729a elementor-grid-eael-col-3 elementor-grid-tablet-eael-col-2 elementor-grid-mobile-eael-col-1 elementor-widget elementor-widget-eael-post-grid\" data-id=\"8ac729a\" data-element_type=\"widget\" data-e-type=\"widget\" data-settings=\"{&quot;eael_post_grid_columns&quot;:&quot;eael-col-3&quot;,&quot;eael_post_grid_columns_tablet&quot;:&quot;eael-col-2&quot;,&quot;eael_post_grid_columns_mobile&quot;:&quot;eael-col-1&quot;}\" data-widget_type=\"eael-post-grid.default\">\n\t\t\t\t<div class=\"elementor-widget-container\">\n\t\t\t\t\t<div id=\"eael-post-grid-8ac729a\" class=\"eael-post-grid-container\">\n            <div class=\"eael-post-grid eael-post-appender eael-post-appender-8ac729a eael-post-grid-style-default\" data-layout-mode=\"grid\"><article class=\"eael-grid-post eael-post-grid-column eael-pg-post-1878 category-dorados-de-sinaloa\" data-id=\"1878\">\n        <div class=\"eael-grid-post-holder\">\n            <div class=\"eael-grid-post-holder-inner\"><div class=\"eael-entry-wrapper\"><header class=\"eael-entry-header\"><h2 class=\"eael-entry-title\"><a\n                        class=\"eael-grid-post-link\"\n                        href=\"https:\/\/sinaloadossier.com.mx\/oficial\/2025\/01\/13\/debut-promisorio-de-pablo-emiliano-lara-nevarez-con-pumas-unam\/\"\n                        title=\"Debut promisorio de Pablo Emiliano Lara Nevarez con Pumas-UNAM\">Debut promisorio de Pablo Emiliano Lara Nevarez con Pumas-UNAM<\/a><\/h2><\/header><div class=\"eael-entry-content\">\n                        <div class=\"eael-grid-post-excerpt\"><p>CULIAC\u00c0N, Sin., 12 de enero de 2025.- Pablo Emiliano Lara Nevares, quien debut\u00f3 con Pumas de la UNAM en la Liga MX est\u00e1 proyectado a ser el portero estrella en los pr\u00f3ximos a\u00f1os. Este domingo 12 de enero de 2025,...<\/p><a href=\"https:\/\/sinaloadossier.com.mx\/oficial\/2025\/01\/13\/debut-promisorio-de-pablo-emiliano-lara-nevarez-con-pumas-unam\/\" class=\"eael-post-elements-readmore-btn\">Leer m\u00e1s<\/a><\/div>\n                    <\/div><\/div><div class=\"eael-entry-media\"><div class=\"eael-entry-overlay fade-in\"><i class=\"fas fa-long-arrow-alt-right\" aria-hidden=\"true\"><\/i><a href=\"https:\/\/sinaloadossier.com.mx\/oficial\/2025\/01\/13\/debut-promisorio-de-pablo-emiliano-lara-nevarez-con-pumas-unam\/\"><\/a><\/div><div class=\"eael-entry-thumbnail \">\n                <img fetchpriority=\"high\" decoding=\"async\" width=\"300\" height=\"200\" src=\"https:\/\/sinaloadossier.com.mx\/oficial\/wp-content\/uploads\/2025\/01\/09c2d89f-9685-4fb2-ac05-e328663ce3ce-300x200.jpeg\" class=\"attachment-medium size-medium wp-image-1877\" alt=\"09c2d89f 9685 4fb2 ac05 e328663ce3ce\" srcset=\"https:\/\/sinaloadossier.com.mx\/oficial\/wp-content\/uploads\/2025\/01\/09c2d89f-9685-4fb2-ac05-e328663ce3ce-300x200.jpeg 300w, https:\/\/sinaloadossier.com.mx\/oficial\/wp-content\/uploads\/2025\/01\/09c2d89f-9685-4fb2-ac05-e328663ce3ce-1024x682.jpeg 1024w, https:\/\/sinaloadossier.com.mx\/oficial\/wp-content\/uploads\/2025\/01\/09c2d89f-9685-4fb2-ac05-e328663ce3ce-768x512.jpeg 768w, https:\/\/sinaloadossier.com.mx\/oficial\/wp-content\/uploads\/2025\/01\/09c2d89f-9685-4fb2-ac05-e328663ce3ce-1536x1023.jpeg 1536w, https:\/\/sinaloadossier.com.mx\/oficial\/wp-content\/uploads\/2025\/01\/09c2d89f-9685-4fb2-ac05-e328663ce3ce.jpeg 1600w\" sizes=\"(max-width: 300px) 100vw, 300px\" \/>\n            <\/div>\n        <\/div><\/div>\n        <\/div>\n    <\/article><article class=\"eael-grid-post eael-post-grid-column eael-pg-post-1718 category-dorados-de-sinaloa\" data-id=\"1718\">\n        <div class=\"eael-grid-post-holder\">\n            <div class=\"eael-grid-post-holder-inner\"><div class=\"eael-entry-wrapper\"><header class=\"eael-entry-header\"><h2 class=\"eael-entry-title\"><a\n                        class=\"eael-grid-post-link\"\n                        href=\"https:\/\/sinaloadossier.com.mx\/oficial\/2024\/09\/08\/por-fin-dorados-gano-en-su-pecera-3-1-a-correcaminos\/\"\n                        title=\"Por fin Dorados gan\u00f3 en su Pecera (3-1) a Correcaminos\">Por fin Dorados gan\u00f3 en su Pecera (3-1) a Correcaminos<\/a><\/h2><\/header><div class=\"eael-entry-content\">\n                        <div class=\"eael-grid-post-excerpt\"><p>CULIAC\u00c0N, Sin., 7 de septiembre de 2024.- Por fin, despues de seis juegos, los Dorados de Sinaloa les dieron una gran alegr\u00eda a sus aficionados al obtener su primer triunfo en su pecera. Vencieron 3-1 a Correcaminos con doblete de...<\/p><a href=\"https:\/\/sinaloadossier.com.mx\/oficial\/2024\/09\/08\/por-fin-dorados-gano-en-su-pecera-3-1-a-correcaminos\/\" class=\"eael-post-elements-readmore-btn\">Leer m\u00e1s<\/a><\/div>\n                    <\/div><\/div><div class=\"eael-entry-media\"><div class=\"eael-entry-overlay fade-in\"><i class=\"fas fa-long-arrow-alt-right\" aria-hidden=\"true\"><\/i><a href=\"https:\/\/sinaloadossier.com.mx\/oficial\/2024\/09\/08\/por-fin-dorados-gano-en-su-pecera-3-1-a-correcaminos\/\"><\/a><\/div><div class=\"eael-entry-thumbnail \">\n                <img decoding=\"async\" width=\"300\" height=\"184\" src=\"https:\/\/sinaloadossier.com.mx\/oficial\/wp-content\/uploads\/2024\/09\/asi_pelearon-300x184.jpg\" class=\"attachment-medium size-medium wp-image-1717\" alt=\"asi pelearon\" srcset=\"https:\/\/sinaloadossier.com.mx\/oficial\/wp-content\/uploads\/2024\/09\/asi_pelearon-300x184.jpg 300w, https:\/\/sinaloadossier.com.mx\/oficial\/wp-content\/uploads\/2024\/09\/asi_pelearon-1024x629.jpg 1024w, https:\/\/sinaloadossier.com.mx\/oficial\/wp-content\/uploads\/2024\/09\/asi_pelearon-768x471.jpg 768w, https:\/\/sinaloadossier.com.mx\/oficial\/wp-content\/uploads\/2024\/09\/asi_pelearon-1536x943.jpg 1536w, https:\/\/sinaloadossier.com.mx\/oficial\/wp-content\/uploads\/2024\/09\/asi_pelearon.JPG 1621w\" sizes=\"(max-width: 300px) 100vw, 300px\" \/>\n            <\/div>\n        <\/div><\/div>\n        <\/div>\n    <\/article><article class=\"eael-grid-post eael-post-grid-column eael-pg-post-1482 category-dorados-de-sinaloa\" data-id=\"1482\">\n        <div class=\"eael-grid-post-holder\">\n            <div class=\"eael-grid-post-holder-inner\"><div class=\"eael-entry-wrapper\"><header class=\"eael-entry-header\"><h2 class=\"eael-entry-title\"><a\n                        class=\"eael-grid-post-link\"\n                        href=\"https:\/\/sinaloadossier.com.mx\/oficial\/2024\/02\/15\/dorados-de-sinaloa-alegro-a-su-aficion-con-goleada-3-0-a-correcaminos\/\"\n                        title=\"Dorados de Sinaloa alegr\u00f3 a su afici\u00f3n con goleada 3-0 a Correcaminos.\">Dorados de Sinaloa alegr\u00f3 a su afici\u00f3n con goleada 3-0 a Correcaminos.<\/a><\/h2><\/header><div class=\"eael-entry-content\">\n                        <div class=\"eael-grid-post-excerpt\"><p>CULIAC\u00c1N, Sin., 13 de febrero de 2024.-.- Los Dorados de Sinaloa le adelantaron el regalo de San Valent\u00edn a su fiel fanaticada, toda vez que lograron un brillante triunfo de 3-0 frente a Correcaminos la noche de este martes en...<\/p><a href=\"https:\/\/sinaloadossier.com.mx\/oficial\/2024\/02\/15\/dorados-de-sinaloa-alegro-a-su-aficion-con-goleada-3-0-a-correcaminos\/\" class=\"eael-post-elements-readmore-btn\">Leer m\u00e1s<\/a><\/div>\n                    <\/div><\/div><div class=\"eael-entry-media\"><div class=\"eael-entry-overlay fade-in\"><i class=\"fas fa-long-arrow-alt-right\" aria-hidden=\"true\"><\/i><a href=\"https:\/\/sinaloadossier.com.mx\/oficial\/2024\/02\/15\/dorados-de-sinaloa-alegro-a-su-aficion-con-goleada-3-0-a-correcaminos\/\"><\/a><\/div><div class=\"eael-entry-thumbnail \">\n                <img decoding=\"async\" width=\"300\" height=\"172\" src=\"https:\/\/sinaloadossier.com.mx\/oficial\/wp-content\/uploads\/2024\/02\/DANIEL_LOPEZ_ANTE_CORRE-300x172.jpg\" class=\"attachment-medium size-medium wp-image-1481\" alt=\"DANIEL LOPEZ ANTE CORRE\" srcset=\"https:\/\/sinaloadossier.com.mx\/oficial\/wp-content\/uploads\/2024\/02\/DANIEL_LOPEZ_ANTE_CORRE-300x172.jpg 300w, https:\/\/sinaloadossier.com.mx\/oficial\/wp-content\/uploads\/2024\/02\/DANIEL_LOPEZ_ANTE_CORRE-1024x587.jpg 1024w, https:\/\/sinaloadossier.com.mx\/oficial\/wp-content\/uploads\/2024\/02\/DANIEL_LOPEZ_ANTE_CORRE-768x440.jpg 768w, https:\/\/sinaloadossier.com.mx\/oficial\/wp-content\/uploads\/2024\/02\/DANIEL_LOPEZ_ANTE_CORRE-1536x881.jpg 1536w, https:\/\/sinaloadossier.com.mx\/oficial\/wp-content\/uploads\/2024\/02\/DANIEL_LOPEZ_ANTE_CORRE.JPG 1608w\" sizes=\"(max-width: 300px) 100vw, 300px\" \/>\n            <\/div>\n        <\/div><\/div>\n        <\/div>\n    <\/article><article class=\"eael-grid-post eael-post-grid-column eael-pg-post-1470 category-dorados-de-sinaloa\" data-id=\"1470\">\n        <div class=\"eael-grid-post-holder\">\n            <div class=\"eael-grid-post-holder-inner\"><div class=\"eael-entry-wrapper\"><header class=\"eael-entry-header\"><h2 class=\"eael-entry-title\"><a\n                        class=\"eael-grid-post-link\"\n                        href=\"https:\/\/sinaloadossier.com.mx\/oficial\/2024\/02\/01\/errores-individuales-provocaron-derrota-de-dorados-ante-merida\/\"\n                        title=\"Errores individuales provocaron derrota de Dorados ante M\u00e9rida\">Errores individuales provocaron derrota de Dorados ante M\u00e9rida<\/a><\/h2><\/header><div class=\"eael-entry-content\">\n                        <div class=\"eael-grid-post-excerpt\"><p>CULIAC\u00c1N, Sin., 31 de enero de 2024.- Dos errores individuales propiciaron una voltereta en el marcador. Ganaba Dorados de Sinaloa 2-1 y al final Venados de Mazatl\u00e1n sac\u00f3 el triunfo 3-2 en juego correspondiente a la cuarta jornada del Torneo...<\/p><a href=\"https:\/\/sinaloadossier.com.mx\/oficial\/2024\/02\/01\/errores-individuales-provocaron-derrota-de-dorados-ante-merida\/\" class=\"eael-post-elements-readmore-btn\">Leer m\u00e1s<\/a><\/div>\n                    <\/div><\/div><div class=\"eael-entry-media\"><div class=\"eael-entry-overlay fade-in\"><i class=\"fas fa-long-arrow-alt-right\" aria-hidden=\"true\"><\/i><a href=\"https:\/\/sinaloadossier.com.mx\/oficial\/2024\/02\/01\/errores-individuales-provocaron-derrota-de-dorados-ante-merida\/\"><\/a><\/div><div class=\"eael-entry-thumbnail \">\n                <img loading=\"lazy\" decoding=\"async\" width=\"300\" height=\"194\" src=\"https:\/\/sinaloadossier.com.mx\/oficial\/wp-content\/uploads\/2024\/02\/ABRAHAM_ENCARA-300x194.jpg\" class=\"attachment-medium size-medium wp-image-1469\" alt=\"ABRAHAM ENCARA\" srcset=\"https:\/\/sinaloadossier.com.mx\/oficial\/wp-content\/uploads\/2024\/02\/ABRAHAM_ENCARA-300x194.jpg 300w, https:\/\/sinaloadossier.com.mx\/oficial\/wp-content\/uploads\/2024\/02\/ABRAHAM_ENCARA-1024x662.jpg 1024w, https:\/\/sinaloadossier.com.mx\/oficial\/wp-content\/uploads\/2024\/02\/ABRAHAM_ENCARA-768x496.jpg 768w, https:\/\/sinaloadossier.com.mx\/oficial\/wp-content\/uploads\/2024\/02\/ABRAHAM_ENCARA-1536x993.jpg 1536w, https:\/\/sinaloadossier.com.mx\/oficial\/wp-content\/uploads\/2024\/02\/ABRAHAM_ENCARA-2048x1324.jpg 2048w\" sizes=\"(max-width: 300px) 100vw, 300px\" \/>\n            <\/div>\n        <\/div><\/div>\n        <\/div>\n    <\/article><article class=\"eael-grid-post eael-post-grid-column eael-pg-post-1446 category-dorados-de-sinaloa\" data-id=\"1446\">\n        <div class=\"eael-grid-post-holder\">\n            <div class=\"eael-grid-post-holder-inner\"><div class=\"eael-entry-wrapper\"><header class=\"eael-entry-header\"><h2 class=\"eael-entry-title\"><a\n                        class=\"eael-grid-post-link\"\n                        href=\"https:\/\/sinaloadossier.com.mx\/oficial\/2024\/01\/18\/se-les-escapa-de-las-manos-el-primer-triunfo-a-dorados-de-sinaloa\/\"\n                        title=\"Se les escapa de las manos el primer triunfo a Dorados de Sinaloa\">Se les escapa de las manos el primer triunfo a Dorados de Sinaloa<\/a><\/h2><\/header><div class=\"eael-entry-content\">\n                        <div class=\"eael-grid-post-excerpt\"><p>CULIAC\u00c1N, Sin., 17 de enero de 2024.- Cinco minutos antes de finalizar el juego parec\u00eda que Dorados de Sinaloa se alzar\u00eda con su primer triunfo sobre los Cimarrones de Hermosillo, pero sobre el tiempo final, un descuido en la defensa...<\/p><a href=\"https:\/\/sinaloadossier.com.mx\/oficial\/2024\/01\/18\/se-les-escapa-de-las-manos-el-primer-triunfo-a-dorados-de-sinaloa\/\" class=\"eael-post-elements-readmore-btn\">Leer m\u00e1s<\/a><\/div>\n                    <\/div><\/div><div class=\"eael-entry-media\"><div class=\"eael-entry-overlay fade-in\"><i class=\"fas fa-long-arrow-alt-right\" aria-hidden=\"true\"><\/i><a href=\"https:\/\/sinaloadossier.com.mx\/oficial\/2024\/01\/18\/se-les-escapa-de-las-manos-el-primer-triunfo-a-dorados-de-sinaloa\/\"><\/a><\/div><div class=\"eael-entry-thumbnail \">\n                <img loading=\"lazy\" decoding=\"async\" width=\"300\" height=\"189\" src=\"https:\/\/sinaloadossier.com.mx\/oficial\/wp-content\/uploads\/2024\/01\/CRISTIAN_ANTE_CIMARRONES-300x189.jpg\" class=\"attachment-medium size-medium wp-image-1445\" alt=\"CRISTIAN ANTE CIMARRONES\" srcset=\"https:\/\/sinaloadossier.com.mx\/oficial\/wp-content\/uploads\/2024\/01\/CRISTIAN_ANTE_CIMARRONES-300x189.jpg 300w, https:\/\/sinaloadossier.com.mx\/oficial\/wp-content\/uploads\/2024\/01\/CRISTIAN_ANTE_CIMARRONES.JPG 707w\" sizes=\"(max-width: 300px) 100vw, 300px\" \/>\n            <\/div>\n        <\/div><\/div>\n        <\/div>\n    <\/article><article class=\"eael-grid-post eael-post-grid-column eael-pg-post-1367 category-dorados-de-sinaloa\" data-id=\"1367\">\n        <div class=\"eael-grid-post-holder\">\n            <div class=\"eael-grid-post-holder-inner\"><div class=\"eael-entry-wrapper\"><header class=\"eael-entry-header\"><h2 class=\"eael-entry-title\"><a\n                        class=\"eael-grid-post-link\"\n                        href=\"https:\/\/sinaloadossier.com.mx\/oficial\/2023\/10\/27\/dorados-se-despidio-de-su-cancha-con-una-goleada-4-1-ante-celaya\/\"\n                        title=\"Dorados se despidi\u00f3 de su cancha goleado 4-1 por Celaya\">Dorados se despidi\u00f3 de su cancha goleado 4-1 por Celaya<\/a><\/h2><\/header><div class=\"eael-entry-content\">\n                        <div class=\"eael-grid-post-excerpt\"><p>CULIAC\u00c1N, Sin., 25 de octubre de 2023.- Con gran actuaci\u00f3n del paraguayo Fernando Lesme, que produjo un triplete. los Toros del Celaya golearon 4-1 a Dorados de Sinaloa que demostr\u00f3 una p\u00e9sima defensiva y una opaca participaci\u00f3n de su delantero...<\/p><a href=\"https:\/\/sinaloadossier.com.mx\/oficial\/2023\/10\/27\/dorados-se-despidio-de-su-cancha-con-una-goleada-4-1-ante-celaya\/\" class=\"eael-post-elements-readmore-btn\">Leer m\u00e1s<\/a><\/div>\n                    <\/div><\/div><div class=\"eael-entry-media\"><div class=\"eael-entry-overlay fade-in\"><i class=\"fas fa-long-arrow-alt-right\" aria-hidden=\"true\"><\/i><a href=\"https:\/\/sinaloadossier.com.mx\/oficial\/2023\/10\/27\/dorados-se-despidio-de-su-cancha-con-una-goleada-4-1-ante-celaya\/\"><\/a><\/div><div class=\"eael-entry-thumbnail \">\n                <img loading=\"lazy\" decoding=\"async\" width=\"300\" height=\"186\" src=\"https:\/\/sinaloadossier.com.mx\/oficial\/wp-content\/uploads\/2023\/10\/DANIEL_LOPEZ_ANOTA_PENALTI-300x186.jpg\" class=\"attachment-medium size-medium wp-image-1366\" alt=\"DANIEL LOPEZ ANOTA PENALTI\" srcset=\"https:\/\/sinaloadossier.com.mx\/oficial\/wp-content\/uploads\/2023\/10\/DANIEL_LOPEZ_ANOTA_PENALTI-300x186.jpg 300w, https:\/\/sinaloadossier.com.mx\/oficial\/wp-content\/uploads\/2023\/10\/DANIEL_LOPEZ_ANOTA_PENALTI-1024x635.jpg 1024w, https:\/\/sinaloadossier.com.mx\/oficial\/wp-content\/uploads\/2023\/10\/DANIEL_LOPEZ_ANOTA_PENALTI-768x476.jpg 768w, https:\/\/sinaloadossier.com.mx\/oficial\/wp-content\/uploads\/2023\/10\/DANIEL_LOPEZ_ANOTA_PENALTI-1536x952.jpg 1536w, https:\/\/sinaloadossier.com.mx\/oficial\/wp-content\/uploads\/2023\/10\/DANIEL_LOPEZ_ANOTA_PENALTI.JPG 1708w\" sizes=\"(max-width: 300px) 100vw, 300px\" \/>\n            <\/div>\n        <\/div><\/div>\n        <\/div>\n    <\/article><article class=\"eael-grid-post eael-post-grid-column eael-pg-post-1345 category-dorados-de-sinaloa\" data-id=\"1345\">\n        <div class=\"eael-grid-post-holder\">\n            <div class=\"eael-grid-post-holder-inner\"><div class=\"eael-entry-wrapper\"><header class=\"eael-entry-header\"><h2 class=\"eael-entry-title\"><a\n                        class=\"eael-grid-post-link\"\n                        href=\"https:\/\/sinaloadossier.com.mx\/oficial\/2023\/10\/04\/triunfo-espectacular-de-dorados-3-1-a-tlaxcala\/\"\n                        title=\"Triunfo espectacular de Dorados 3-1 a Tlaxcala\">Triunfo espectacular de Dorados 3-1 a Tlaxcala<\/a><\/h2><\/header><div class=\"eael-entry-content\">\n                        <div class=\"eael-grid-post-excerpt\"><p>CULIAC\u00c1N, Sin., 3 de octubre de 2023.-&nbsp; El antioque\u00f1o Cristian Camilo Ca\u00f1ozalez Panesso (#11), reapareci\u00f3 despu\u00e9s de una larga lesi\u00f3n, exhibi\u00f3 su velocidad y habilidad frente a los Coyotes de Tlaxcala y condujo a los Dorados de Sinaloa a enderezar...<\/p><a href=\"https:\/\/sinaloadossier.com.mx\/oficial\/2023\/10\/04\/triunfo-espectacular-de-dorados-3-1-a-tlaxcala\/\" class=\"eael-post-elements-readmore-btn\">Leer m\u00e1s<\/a><\/div>\n                    <\/div><\/div><div class=\"eael-entry-media\"><div class=\"eael-entry-overlay fade-in\"><i class=\"fas fa-long-arrow-alt-right\" aria-hidden=\"true\"><\/i><a href=\"https:\/\/sinaloadossier.com.mx\/oficial\/2023\/10\/04\/triunfo-espectacular-de-dorados-3-1-a-tlaxcala\/\"><\/a><\/div><div class=\"eael-entry-thumbnail \">\n                <img loading=\"lazy\" decoding=\"async\" width=\"300\" height=\"174\" src=\"https:\/\/sinaloadossier.com.mx\/oficial\/wp-content\/uploads\/2023\/10\/Canozalez_frente_al_portero-300x174.jpg\" class=\"attachment-medium size-medium wp-image-1344\" alt=\"Ca\u00f1ozalez frente al portero\" srcset=\"https:\/\/sinaloadossier.com.mx\/oficial\/wp-content\/uploads\/2023\/10\/Canozalez_frente_al_portero-300x174.jpg 300w, https:\/\/sinaloadossier.com.mx\/oficial\/wp-content\/uploads\/2023\/10\/Canozalez_frente_al_portero-1024x594.jpg 1024w, https:\/\/sinaloadossier.com.mx\/oficial\/wp-content\/uploads\/2023\/10\/Canozalez_frente_al_portero-768x446.jpg 768w, https:\/\/sinaloadossier.com.mx\/oficial\/wp-content\/uploads\/2023\/10\/Canozalez_frente_al_portero-1536x891.jpg 1536w, https:\/\/sinaloadossier.com.mx\/oficial\/wp-content\/uploads\/2023\/10\/Canozalez_frente_al_portero.JPG 1963w\" sizes=\"(max-width: 300px) 100vw, 300px\" \/>\n            <\/div>\n        <\/div><\/div>\n        <\/div>\n    <\/article><article class=\"eael-grid-post eael-post-grid-column eael-pg-post-1309 category-dorados-de-sinaloa\" data-id=\"1309\">\n        <div class=\"eael-grid-post-holder\">\n            <div class=\"eael-grid-post-holder-inner\"><div class=\"eael-entry-wrapper\"><header class=\"eael-entry-header\"><h2 class=\"eael-entry-title\"><a\n                        class=\"eael-grid-post-link\"\n                        href=\"https:\/\/sinaloadossier.com.mx\/oficial\/2023\/09\/12\/dorados-jugo-mejor-pero-perdio-1-2-ante-tepatitlan\/\"\n                        title=\"Dorados jug\u00f3 mejor, pero perdi\u00f3 1-2 ante Tepatitl\u00e1n\">Dorados jug\u00f3 mejor, pero perdi\u00f3 1-2 ante Tepatitl\u00e1n<\/a><\/h2><\/header><div class=\"eael-entry-content\">\n                        <div class=\"eael-grid-post-excerpt\"><p>CULIAC\u00c1N, Sin., 9 de agosto de 2023.- Iniciaron ganando y tiraron ocho veces al marco contrario, pero al final Dorados de Sinaloa perdi\u00f3 1-2 ante Tepatitl\u00e1n, porque no supieron concretar la ofensiva en goles. En cambio, los de Jalisco hicieron...<\/p><a href=\"https:\/\/sinaloadossier.com.mx\/oficial\/2023\/09\/12\/dorados-jugo-mejor-pero-perdio-1-2-ante-tepatitlan\/\" class=\"eael-post-elements-readmore-btn\">Leer m\u00e1s<\/a><\/div>\n                    <\/div><\/div><div class=\"eael-entry-media\"><div class=\"eael-entry-overlay fade-in\"><i class=\"fas fa-long-arrow-alt-right\" aria-hidden=\"true\"><\/i><a href=\"https:\/\/sinaloadossier.com.mx\/oficial\/2023\/09\/12\/dorados-jugo-mejor-pero-perdio-1-2-ante-tepatitlan\/\"><\/a><\/div><div class=\"eael-entry-thumbnail \">\n                <img loading=\"lazy\" decoding=\"async\" width=\"300\" height=\"194\" src=\"https:\/\/sinaloadossier.com.mx\/oficial\/wp-content\/uploads\/2023\/09\/balon_en_el_aire-300x194.jpg\" class=\"attachment-medium size-medium wp-image-1308\" alt=\"balon en el aire\" srcset=\"https:\/\/sinaloadossier.com.mx\/oficial\/wp-content\/uploads\/2023\/09\/balon_en_el_aire-300x194.jpg 300w, https:\/\/sinaloadossier.com.mx\/oficial\/wp-content\/uploads\/2023\/09\/balon_en_el_aire-1024x663.jpg 1024w, https:\/\/sinaloadossier.com.mx\/oficial\/wp-content\/uploads\/2023\/09\/balon_en_el_aire-768x497.jpg 768w, https:\/\/sinaloadossier.com.mx\/oficial\/wp-content\/uploads\/2023\/09\/balon_en_el_aire-1536x994.jpg 1536w, https:\/\/sinaloadossier.com.mx\/oficial\/wp-content\/uploads\/2023\/09\/balon_en_el_aire.JPG 1902w\" sizes=\"(max-width: 300px) 100vw, 300px\" \/>\n            <\/div>\n        <\/div><\/div>\n        <\/div>\n    <\/article><\/div>\n            <div class=\"clearfix\"><\/div>\n        <\/div>            <div class=\"eael-load-more-button-wrap eael-force-hide\">\n                <button class=\"eael-load-more-button\" id=\"eael-load-more-btn-8ac729a\" data-widget-id=\"8ac729a\" data-widget=\"8ac729a\" data-page-id=\"2494\" data-template=\"{&quot;dir&quot;:&quot;lite&quot;,&quot;file_name&quot;:&quot;default.php&quot;,&quot;name&quot;:&quot;Post-Grid&quot;}\" data-class=\"Essential_Addons_Elementor\\Elements\\Post_Grid\" data-layout=\"grid\" data-page=\"1\" data-args=\"orderby=date&amp;order=desc&amp;ignore_sticky_posts=0&amp;post_status=publish&amp;posts_per_page=8&amp;offset=0&amp;post_type=post&amp;tax_query%5B0%5D%5Btaxonomy%5D=category&amp;tax_query%5B0%5D%5Bfield%5D=term_id&amp;tax_query%5B0%5D%5Bterms%5D%5B0%5D=8&amp;tax_query%5B0%5D%5Bterms%5D%5B1%5D=9&amp;tax_query%5Brelation%5D=AND\" data-max-page=\"18\">\n                    <span class=\"eael-btn-loader button__loader\"><\/span>\n                    <span class=\"eael_load_more_text\">Cargar m\u00e1s<\/span>\n                <\/button>\n            <\/div>\n            \t\t\t\t<\/div>\n\t\t\t\t<\/div>\n\t\t\t\t\t<\/div>\n\t\t\t\t<\/div>\n\t\t\t\t<\/div>\n\t\t","protected":false},"excerpt":{"rendered":"<p>DORADOS DE SINALOA sinaloadossier.com.mx Debut promisorio de Pablo Emiliano Lara Nevarez con Pumas-UNAM CULIAC\u00c0N, Sin., 12 de enero de 2025.- Pablo Emiliano Lara Nevares, quien debut\u00f3 con Pumas de la UNAM en la Liga MX est\u00e1 proyectado a ser el portero estrella en los pr\u00f3ximos a\u00f1os. Este domingo 12 de enero de 2025,&#8230; Leer m\u00e1s [&hellip;]<\/p>\n","protected":false},"author":1,"featured_media":0,"parent":0,"menu_order":0,"comment_status":"closed","ping_status":"closed","template":"","meta":{"footnotes":""},"class_list":["post-2494","page","type-page","status-publish","hentry"],"_links":{"self":[{"href":"https:\/\/sinaloadossier.com.mx\/oficial\/wp-json\/wp\/v2\/pages\/2494","targetHints":{"allow":["GET"]}}],"collection":[{"href":"https:\/\/sinaloadossier.com.mx\/oficial\/wp-json\/wp\/v2\/pages"}],"about":[{"href":"https:\/\/sinaloadossier.com.mx\/oficial\/wp-json\/wp\/v2\/types\/page"}],"author":[{"embeddable":true,"href":"https:\/\/sinaloadossier.com.mx\/oficial\/wp-json\/wp\/v2\/users\/1"}],"replies":[{"embeddable":true,"href":"https:\/\/sinaloadossier.com.mx\/oficial\/wp-json\/wp\/v2\/comments?post=2494"}],"version-history":[{"count":4,"href":"https:\/\/sinaloadossier.com.mx\/oficial\/wp-json\/wp\/v2\/pages\/2494\/revisions"}],"predecessor-version":[{"id":2498,"href":"https:\/\/sinaloadossier.com.mx\/oficial\/wp-json\/wp\/v2\/pages\/2494\/revisions\/2498"}],"wp:attachment":[{"href":"https:\/\/sinaloadossier.com.mx\/oficial\/wp-json\/wp\/v2\/media?parent=2494"}],"curies":[{"name":"wp","href":"https:\/\/api.w.org\/{rel}","templated":true}]}}