{"id":2485,"date":"2025-08-10T14:46:27","date_gmt":"2025-08-10T21:46:27","guid":{"rendered":"https:\/\/sinaloadossier.com.mx\/oficial\/?page_id=2485"},"modified":"2025-08-10T14:55:08","modified_gmt":"2025-08-10T21:55:08","slug":"hemeroteca","status":"publish","type":"page","link":"https:\/\/sinaloadossier.com.mx\/oficial\/hemeroteca\/","title":{"rendered":"HEMEROTECA"},"content":{"rendered":"\t\t<div data-elementor-type=\"wp-page\" data-elementor-id=\"2485\" class=\"elementor elementor-2485\">\n\t\t\t\t<div class=\"elementor-element elementor-element-eade0f8 e-flex e-con-boxed e-con e-parent\" data-id=\"eade0f8\" data-element_type=\"container\" data-e-type=\"container\">\n\t\t\t\t\t<div class=\"e-con-inner\">\n\t\t\t\t<div class=\"elementor-element elementor-element-ee2f316 eael-dual-header-content-align-center elementor-widget elementor-widget-eael-dual-color-header\" data-id=\"ee2f316\" data-element_type=\"widget\" data-e-type=\"widget\" data-widget_type=\"eael-dual-color-header.default\">\n\t\t\t\t<div class=\"elementor-widget-container\">\n\t\t\t\t\t\t\t\t<div class=\"eael-dual-header\">\n\t\t\t\t<h2 class=\"title eael-dch-title\"><span class=\"eael-dch-title-text eael-dch-title-lead lead solid-color\">Columnistas<\/span> <span class=\"eael-dch-title-text\">Hemeroteca<\/span><\/h2>\t\t\t\t\t<span class=\"subtext\"><p>sinaloadossier.com.mx<\/p><\/span>\n\t\t\t\t\t\t\t<\/div>\n\n\t\t\t\t\t\t<\/div>\n\t\t\t\t<\/div>\n\t\t\t\t<div class=\"elementor-element elementor-element-8ac729a elementor-grid-eael-col-3 elementor-grid-tablet-eael-col-2 elementor-grid-mobile-eael-col-1 elementor-widget elementor-widget-eael-post-grid\" data-id=\"8ac729a\" data-element_type=\"widget\" data-e-type=\"widget\" data-settings=\"{&quot;eael_post_grid_columns&quot;:&quot;eael-col-3&quot;,&quot;eael_post_grid_columns_tablet&quot;:&quot;eael-col-2&quot;,&quot;eael_post_grid_columns_mobile&quot;:&quot;eael-col-1&quot;}\" data-widget_type=\"eael-post-grid.default\">\n\t\t\t\t<div class=\"elementor-widget-container\">\n\t\t\t\t\t<div id=\"eael-post-grid-8ac729a\" class=\"eael-post-grid-container\">\n            <div class=\"eael-post-grid eael-post-appender eael-post-appender-8ac729a eael-post-grid-style-default\" data-layout-mode=\"grid\"><article class=\"eael-grid-post eael-post-grid-column eael-pg-post-750 category-la-hemeroteca\" data-id=\"750\">\n        <div class=\"eael-grid-post-holder\">\n            <div class=\"eael-grid-post-holder-inner\"><div class=\"eael-entry-wrapper\"><header class=\"eael-entry-header\"><h2 class=\"eael-entry-title\"><a\n                        class=\"eael-grid-post-link\"\n                        href=\"https:\/\/sinaloadossier.com.mx\/oficial\/2022\/06\/09\/libertad-de-expresion-por-que-el-7-de-junio\/\"\n                        title=\"Libertad de Expresi\u00f3n \u00bfPor qu\u00e9 celebran el 7 de junio?\">Libertad de Expresi\u00f3n \u00bfPor qu\u00e9 celebran el 7 de junio?<\/a><\/h2><\/header><div class=\"eael-entry-content\">\n                        <div class=\"eael-grid-post-excerpt\"><p>(Imag\u00ednense que en conmemoraci\u00f3n al 7 de junio, Alejandro Junco de la Vega Elizondo y Juan Francisco Ealy Lanz Duret, propietarios de Reforma y El Universal, le organizar\u00e1n un festejo al presidente L\u00f3pez Obrador, porque les da publicidad) El 7...<\/p><a href=\"https:\/\/sinaloadossier.com.mx\/oficial\/2022\/06\/09\/libertad-de-expresion-por-que-el-7-de-junio\/\" class=\"eael-post-elements-readmore-btn\">Leer m\u00e1s<\/a><\/div>\n                    <\/div><\/div><div class=\"eael-entry-media\"><div class=\"eael-entry-overlay fade-in\"><i class=\"fas fa-long-arrow-alt-right\" aria-hidden=\"true\"><\/i><a href=\"https:\/\/sinaloadossier.com.mx\/oficial\/2022\/06\/09\/libertad-de-expresion-por-que-el-7-de-junio\/\"><\/a><\/div><div class=\"eael-entry-thumbnail \">\n                <img fetchpriority=\"high\" decoding=\"async\" width=\"300\" height=\"187\" src=\"https:\/\/sinaloadossier.com.mx\/oficial\/wp-content\/uploads\/2022\/06\/No_hay_a_libertad_de_expresion_en_mexico-300x187.jpg\" class=\"attachment-medium size-medium wp-image-749\" alt=\"No hay a libertad de expresion en mexico\" srcset=\"https:\/\/sinaloadossier.com.mx\/oficial\/wp-content\/uploads\/2022\/06\/No_hay_a_libertad_de_expresion_en_mexico-300x187.jpg 300w, https:\/\/sinaloadossier.com.mx\/oficial\/wp-content\/uploads\/2022\/06\/No_hay_a_libertad_de_expresion_en_mexico-1024x640.jpg 1024w, https:\/\/sinaloadossier.com.mx\/oficial\/wp-content\/uploads\/2022\/06\/No_hay_a_libertad_de_expresion_en_mexico-768x480.jpg 768w, https:\/\/sinaloadossier.com.mx\/oficial\/wp-content\/uploads\/2022\/06\/No_hay_a_libertad_de_expresion_en_mexico.jpg 1140w\" sizes=\"(max-width: 300px) 100vw, 300px\" \/>\n            <\/div>\n        <\/div><\/div>\n        <\/div>\n    <\/article><article class=\"eael-grid-post eael-post-grid-column eael-pg-post-137 category-la-hemeroteca\" data-id=\"137\">\n        <div class=\"eael-grid-post-holder\">\n            <div class=\"eael-grid-post-holder-inner\"><div class=\"eael-entry-wrapper\"><header class=\"eael-entry-header\"><h2 class=\"eael-entry-title\"><a\n                        class=\"eael-grid-post-link\"\n                        href=\"https:\/\/sinaloadossier.com.mx\/oficial\/2019\/09\/17\/los-80-anos-del-pan\/\"\n                        title=\"LOS 80 A\u00d1OS DEL PAN\">LOS 80 A\u00d1OS DEL PAN<\/a><\/h2><\/header><div class=\"eael-entry-content\">\n                        <div class=\"eael-grid-post-excerpt\"><p>Ciertamente que las efem\u00e9rides m\u00e1s importantes del 15 de septiembre para los mexicanos, es la iniciaci\u00f3n de la Independencia, pero, para los miembros del Partido Acci\u00f3n Nacional es una fecha significativa porque la asamblea constituyente para la creaci\u00f3n del PAN...<\/p><a href=\"https:\/\/sinaloadossier.com.mx\/oficial\/2019\/09\/17\/los-80-anos-del-pan\/\" class=\"eael-post-elements-readmore-btn\">Leer m\u00e1s<\/a><\/div>\n                    <\/div><\/div><div class=\"eael-entry-media\"><div class=\"eael-entry-overlay fade-in\"><i class=\"fas fa-long-arrow-alt-right\" aria-hidden=\"true\"><\/i><a href=\"https:\/\/sinaloadossier.com.mx\/oficial\/2019\/09\/17\/los-80-anos-del-pan\/\"><\/a><\/div><div class=\"eael-entry-thumbnail \">\n                <img decoding=\"async\" width=\"300\" height=\"103\" src=\"https:\/\/sinaloadossier.com.mx\/oficial\/wp-content\/uploads\/2019\/08\/hemeroteca-300x103.jpg\" class=\"attachment-medium size-medium wp-image-115\" alt=\"hemeroteca\" srcset=\"https:\/\/sinaloadossier.com.mx\/oficial\/wp-content\/uploads\/2019\/08\/hemeroteca-300x103.jpg 300w, https:\/\/sinaloadossier.com.mx\/oficial\/wp-content\/uploads\/2019\/08\/hemeroteca.jpg 383w\" sizes=\"(max-width: 300px) 100vw, 300px\" \/>\n            <\/div>\n        <\/div><\/div>\n        <\/div>\n    <\/article><article class=\"eael-grid-post eael-post-grid-column eael-pg-post-116 category-la-hemeroteca\" data-id=\"116\">\n        <div class=\"eael-grid-post-holder\">\n            <div class=\"eael-grid-post-holder-inner\"><div class=\"eael-entry-wrapper\"><header class=\"eael-entry-header\"><h2 class=\"eael-entry-title\"><a\n                        class=\"eael-grid-post-link\"\n                        href=\"https:\/\/sinaloadossier.com.mx\/oficial\/2019\/08\/23\/nunca-habra-autodefensas-comunitarias-en-sinaloa\/\"\n                        title=\"Nunca habr\u00e1 autodefensas Comunitarias en Sinaloa\">Nunca habr\u00e1 autodefensas Comunitarias en Sinaloa<\/a><\/h2><\/header><div class=\"eael-entry-content\">\n                        <div class=\"eael-grid-post-excerpt\"><p>Por: Carlos Vel\u00e1zquez Mart\u00ednezCULIAC\u00c1N, Sin.- 15 de Julio de 2015.- En los \u00faltimos d\u00edas han surgido opiniones de soci\u00f3logos de instituciones superiores del pa\u00eds y hasta de un peri\u00f3dico local de Sinaloa, que consideran la posibilidad de que surjan grupos...<\/p><a href=\"https:\/\/sinaloadossier.com.mx\/oficial\/2019\/08\/23\/nunca-habra-autodefensas-comunitarias-en-sinaloa\/\" class=\"eael-post-elements-readmore-btn\">Leer m\u00e1s<\/a><\/div>\n                    <\/div><\/div><div class=\"eael-entry-media\"><div class=\"eael-entry-overlay fade-in\"><i class=\"fas fa-long-arrow-alt-right\" aria-hidden=\"true\"><\/i><a href=\"https:\/\/sinaloadossier.com.mx\/oficial\/2019\/08\/23\/nunca-habra-autodefensas-comunitarias-en-sinaloa\/\"><\/a><\/div><div class=\"eael-entry-thumbnail \">\n                <img decoding=\"async\" width=\"300\" height=\"103\" src=\"https:\/\/sinaloadossier.com.mx\/oficial\/wp-content\/uploads\/2019\/08\/hemeroteca-300x103.jpg\" class=\"attachment-medium size-medium wp-image-115\" alt=\"hemeroteca\" srcset=\"https:\/\/sinaloadossier.com.mx\/oficial\/wp-content\/uploads\/2019\/08\/hemeroteca-300x103.jpg 300w, https:\/\/sinaloadossier.com.mx\/oficial\/wp-content\/uploads\/2019\/08\/hemeroteca.jpg 383w\" sizes=\"(max-width: 300px) 100vw, 300px\" \/>\n            <\/div>\n        <\/div><\/div>\n        <\/div>\n    <\/article><\/div>\n            <div class=\"clearfix\"><\/div>\n        <\/div>\t\t\t\t<\/div>\n\t\t\t\t<\/div>\n\t\t\t\t\t<\/div>\n\t\t\t\t<\/div>\n\t\t\t\t<\/div>\n\t\t","protected":false},"excerpt":{"rendered":"<p>Columnistas Hemeroteca sinaloadossier.com.mx Libertad de Expresi\u00f3n \u00bfPor qu\u00e9 celebran el 7 de junio? (Imag\u00ednense que en conmemoraci\u00f3n al 7 de junio, Alejandro Junco de la Vega Elizondo y Juan Francisco Ealy Lanz Duret, propietarios de Reforma y El Universal, le organizar\u00e1n un festejo al presidente L\u00f3pez Obrador, porque les da publicidad) El 7&#8230; Leer m\u00e1s [&hellip;]<\/p>\n","protected":false},"author":1,"featured_media":0,"parent":0,"menu_order":0,"comment_status":"closed","ping_status":"closed","template":"","meta":{"footnotes":""},"class_list":["post-2485","page","type-page","status-publish","hentry"],"_links":{"self":[{"href":"https:\/\/sinaloadossier.com.mx\/oficial\/wp-json\/wp\/v2\/pages\/2485","targetHints":{"allow":["GET"]}}],"collection":[{"href":"https:\/\/sinaloadossier.com.mx\/oficial\/wp-json\/wp\/v2\/pages"}],"about":[{"href":"https:\/\/sinaloadossier.com.mx\/oficial\/wp-json\/wp\/v2\/types\/page"}],"author":[{"embeddable":true,"href":"https:\/\/sinaloadossier.com.mx\/oficial\/wp-json\/wp\/v2\/users\/1"}],"replies":[{"embeddable":true,"href":"https:\/\/sinaloadossier.com.mx\/oficial\/wp-json\/wp\/v2\/comments?post=2485"}],"version-history":[{"count":5,"href":"https:\/\/sinaloadossier.com.mx\/oficial\/wp-json\/wp\/v2\/pages\/2485\/revisions"}],"predecessor-version":[{"id":2491,"href":"https:\/\/sinaloadossier.com.mx\/oficial\/wp-json\/wp\/v2\/pages\/2485\/revisions\/2491"}],"wp:attachment":[{"href":"https:\/\/sinaloadossier.com.mx\/oficial\/wp-json\/wp\/v2\/media?parent=2485"}],"curies":[{"name":"wp","href":"https:\/\/api.w.org\/{rel}","templated":true}]}}